{"id":502,"date":"2026-03-24T09:21:52","date_gmt":"2026-03-24T06:21:52","guid":{"rendered":"https:\/\/www.izplusegitim.com\/?page_id=502"},"modified":"2026-03-24T12:13:42","modified_gmt":"2026-03-24T09:13:42","slug":"502-2","status":"publish","type":"page","link":"https:\/\/www.izplusegitim.com\/?page_id=502","title":{"rendered":""},"content":{"rendered":"\n<div class=\"wp-block-zolo-container container-051d5a alignfull zolo-root-container frontend zolo-block parent-container-x5hoy78z parent-container-051d5a\"><div class=\"zolo-container-inner-blocks-wrap\">\n<div class=\"wp-block-zolo-advanced-heading advanced-heading-eca907 zolo-block parent-advanced-heading-3sndi82v parent-advanced-heading-eca907\"><div class=\"zolo-block-wrapper zolo-advanced-heading zolo-ah-style-0 advanced-heading-eca907  \"><h4 class=\"zolo-ah-subtitle\">\u0130z Plus E\u011fitim<\/h4><h2 class=\"zolo-ah-title\"><span class=\"zolo-ah-main-title \">Ekibimiz<\/span><\/h2><\/div><\/div>\n\n\n\n<div class=\"wp-block-zolo-team-grid team-grid-7387a2 zolo-block parent-team-grid-fybwsxfe style-1 parent-team-grid-7387a2\">\n<div class=\"wp-block-zolo-team-child team-child-0a37e0 style-1 zolo-transform-animation zolo-block parent-team-child-c7pn0jty parent-team-child-0a37e0\"><div class=\"zolo-item\"><div class=\"zolo-image-wrap\"><img fetchpriority=\"high\" decoding=\"async\" width=\"896\" height=\"1195\" src=\"http:\/\/www.izplusegitim.com\/wp-content\/uploads\/2026\/03\/Hakki.png\" alt=\"Hakk\u0131 Halhall\u0131\" class=\"wp-image-526\" srcset=\"https:\/\/www.izplusegitim.com\/wp-content\/uploads\/2026\/03\/Hakki.png 896w, https:\/\/www.izplusegitim.com\/wp-content\/uploads\/2026\/03\/Hakki-225x300.png 225w, https:\/\/www.izplusegitim.com\/wp-content\/uploads\/2026\/03\/Hakki-768x1024.png 768w\" sizes=\"(max-width: 896px) 100vw, 896px\" \/><\/div><div class=\"zolo-info-wrap\"><div class=\"zolo-content\"><div class=\"zolo-name\">Hakk\u0131 Halhall\u0131<\/div><div class=\"zolo-designation\">Y\u00f6netim Kurulu \u00dcyesi<\/div><div class=\"zolo-desc\">\u0130lkyard\u0131m E\u011fitmeni<\/div><\/div><div class=\"zolo-social-and-link-wrap\"><div class=\"zolo-social-share\"><\/div><div class=\"zolo-link-btn\"><a class=\"zolo-external-link\" href=\"\"><div class=\"zolo__display-icon\"><svg xmlns=\"http:\/\/www.w3.org\/2000\/svg\" viewBox=\"0 0 448 512\"><path d=\"M438.6 278.6l-160 160C272.4 444.9 264.2 448 256 448s-16.38-3.125-22.62-9.375c-12.5-12.5-12.5-32.75 0-45.25L338.8 288H32C14.33 288 .0016 273.7 .0016 256S14.33 224 32 224h306.8l-105.4-105.4c-12.5-12.5-12.5-32.75 0-45.25s32.75-12.5 45.25 0l160 160C451.1 245.9 451.1 266.1 438.6 278.6z\"><\/path><\/svg><\/div><\/a><\/div><\/div><\/div><\/div><\/div>\n\n\n\n<div class=\"wp-block-zolo-team-child team-child-b8824a style-1 zolo-block parent-team-child-b8824a\"><div class=\"zolo-item\"><div class=\"zolo-image-wrap\"><img decoding=\"async\" width=\"896\" height=\"1195\" src=\"http:\/\/www.izplusegitim.com\/wp-content\/uploads\/2026\/03\/Erman.png\" alt=\"Erman Erkol\" class=\"wp-image-533\" srcset=\"https:\/\/www.izplusegitim.com\/wp-content\/uploads\/2026\/03\/Erman.png 896w, https:\/\/www.izplusegitim.com\/wp-content\/uploads\/2026\/03\/Erman-225x300.png 225w, https:\/\/www.izplusegitim.com\/wp-content\/uploads\/2026\/03\/Erman-768x1024.png 768w\" sizes=\"(max-width: 896px) 100vw, 896px\" \/><\/div><div class=\"zolo-info-wrap\"><div class=\"zolo-content\"><div class=\"zolo-name\">Erman Erkol<\/div><div class=\"zolo-designation\">Y\u00f6netim Kurulu \u00dcyesi<\/div><div class=\"zolo-desc\"> <\/div><\/div><div class=\"zolo-social-and-link-wrap\"><div class=\"zolo-social-share\"><\/div><div class=\"zolo-link-btn\"><a class=\"zolo-external-link\" href=\"\"><div class=\"zolo__display-icon\"><svg xmlns=\"http:\/\/www.w3.org\/2000\/svg\" viewBox=\"0 0 448 512\"><path d=\"M438.6 278.6l-160 160C272.4 444.9 264.2 448 256 448s-16.38-3.125-22.62-9.375c-12.5-12.5-12.5-32.75 0-45.25L338.8 288H32C14.33 288 .0016 273.7 .0016 256S14.33 224 32 224h306.8l-105.4-105.4c-12.5-12.5-12.5-32.75 0-45.25s32.75-12.5 45.25 0l160 160C451.1 245.9 451.1 266.1 438.6 278.6z\"><\/path><\/svg><\/div><\/a><\/div><\/div><\/div><\/div><\/div>\n\n\n\n<div class=\"wp-block-zolo-team-child team-child-dcf1e1 style-1 zolo-transform-animation zolo-block parent-team-child-ms1vmj8u parent-team-child-dcf1e1\"><div class=\"zolo-item\"><div class=\"zolo-image-wrap\"><img decoding=\"async\" width=\"896\" height=\"1195\" src=\"http:\/\/www.izplusegitim.com\/wp-content\/uploads\/2026\/03\/Hasan-Akinci-Egitici-Egitmeni.png\" alt=\"Hasan ak\u0131c\u0131\" class=\"wp-image-537\" srcset=\"https:\/\/www.izplusegitim.com\/wp-content\/uploads\/2026\/03\/Hasan-Akinci-Egitici-Egitmeni.png 896w, https:\/\/www.izplusegitim.com\/wp-content\/uploads\/2026\/03\/Hasan-Akinci-Egitici-Egitmeni-225x300.png 225w, https:\/\/www.izplusegitim.com\/wp-content\/uploads\/2026\/03\/Hasan-Akinci-Egitici-Egitmeni-768x1024.png 768w\" sizes=\"(max-width: 896px) 100vw, 896px\" \/><\/div><div class=\"zolo-info-wrap\"><div class=\"zolo-content\"><div class=\"zolo-name\">Hasan ak\u0131c\u0131<\/div><div class=\"zolo-designation\">Y\u00f6netim Kurulu \u00dcyesi<\/div><div class=\"zolo-desc\">\u0130lkyard\u0131m E\u011fitici E\u011fitmeni<\/div><\/div><div class=\"zolo-social-and-link-wrap\"><div class=\"zolo-social-share\"><\/div><div class=\"zolo-link-btn\"><a class=\"zolo-external-link\" href=\"\"><div class=\"zolo__display-icon\"><svg xmlns=\"http:\/\/www.w3.org\/2000\/svg\" viewBox=\"0 0 448 512\"><path d=\"M438.6 278.6l-160 160C272.4 444.9 264.2 448 256 448s-16.38-3.125-22.62-9.375c-12.5-12.5-12.5-32.75 0-45.25L338.8 288H32C14.33 288 .0016 273.7 .0016 256S14.33 224 32 224h306.8l-105.4-105.4c-12.5-12.5-12.5-32.75 0-45.25s32.75-12.5 45.25 0l160 160C451.1 245.9 451.1 266.1 438.6 278.6z\"><\/path><\/svg><\/div><\/a><\/div><\/div><\/div><\/div><\/div>\n\n\n\n<div class=\"wp-block-zolo-team-child team-child-95b438 style-1 zolo-block parent-team-child-95b438\"><div class=\"zolo-item\"><div class=\"zolo-image-wrap\"><img loading=\"lazy\" decoding=\"async\" width=\"896\" height=\"1195\" src=\"http:\/\/www.izplusegitim.com\/wp-content\/uploads\/2026\/03\/Merve-Erkol.png\" alt=\"Merve Erkol\" class=\"wp-image-532\" srcset=\"https:\/\/www.izplusegitim.com\/wp-content\/uploads\/2026\/03\/Merve-Erkol.png 896w, https:\/\/www.izplusegitim.com\/wp-content\/uploads\/2026\/03\/Merve-Erkol-225x300.png 225w, https:\/\/www.izplusegitim.com\/wp-content\/uploads\/2026\/03\/Merve-Erkol-768x1024.png 768w\" sizes=\"(max-width: 896px) 100vw, 896px\" \/><\/div><div class=\"zolo-info-wrap\"><div class=\"zolo-content\"><div class=\"zolo-name\">Merve Erkol<\/div><div class=\"zolo-designation\">Finans &#038; Muhasebe<\/div><div class=\"zolo-desc\">  <\/div><\/div><div class=\"zolo-social-and-link-wrap\"><div class=\"zolo-social-share\"><\/div><div class=\"zolo-link-btn\"><a class=\"zolo-external-link\" href=\"\"><div class=\"zolo__display-icon\"><svg xmlns=\"http:\/\/www.w3.org\/2000\/svg\" viewBox=\"0 0 448 512\"><path d=\"M438.6 278.6l-160 160C272.4 444.9 264.2 448 256 448s-16.38-3.125-22.62-9.375c-12.5-12.5-12.5-32.75 0-45.25L338.8 288H32C14.33 288 .0016 273.7 .0016 256S14.33 224 32 224h306.8l-105.4-105.4c-12.5-12.5-12.5-32.75 0-45.25s32.75-12.5 45.25 0l160 160C451.1 245.9 451.1 266.1 438.6 278.6z\"><\/path><\/svg><\/div><\/a><\/div><\/div><\/div><\/div><\/div>\n\n\n\n<div class=\"wp-block-zolo-team-child team-child-dc00a3 style-1 zolo-block parent-team-child-dc00a3\"><div class=\"zolo-item\"><div class=\"zolo-image-wrap\"><img loading=\"lazy\" decoding=\"async\" width=\"896\" height=\"1195\" src=\"http:\/\/www.izplusegitim.com\/wp-content\/uploads\/2026\/03\/Mert-Tiryaki.png\" alt=\"Mert Ba\u015fkurt\" class=\"wp-image-534\" srcset=\"https:\/\/www.izplusegitim.com\/wp-content\/uploads\/2026\/03\/Mert-Tiryaki.png 896w, https:\/\/www.izplusegitim.com\/wp-content\/uploads\/2026\/03\/Mert-Tiryaki-225x300.png 225w, https:\/\/www.izplusegitim.com\/wp-content\/uploads\/2026\/03\/Mert-Tiryaki-768x1024.png 768w\" sizes=\"(max-width: 896px) 100vw, 896px\" \/><\/div><div class=\"zolo-info-wrap\"><div class=\"zolo-content\"><div class=\"zolo-name\">Mert Ba\u015fkurt<\/div><div class=\"zolo-designation\">\u0130nsan Kaynaklar\u0131<\/div><div class=\"zolo-desc\"> <\/div><\/div><div class=\"zolo-social-and-link-wrap\"><div class=\"zolo-social-share\"><\/div><div class=\"zolo-link-btn\"><a class=\"zolo-external-link\" href=\"\"><div class=\"zolo__display-icon\"><svg xmlns=\"http:\/\/www.w3.org\/2000\/svg\" viewBox=\"0 0 448 512\"><path d=\"M438.6 278.6l-160 160C272.4 444.9 264.2 448 256 448s-16.38-3.125-22.62-9.375c-12.5-12.5-12.5-32.75 0-45.25L338.8 288H32C14.33 288 .0016 273.7 .0016 256S14.33 224 32 224h306.8l-105.4-105.4c-12.5-12.5-12.5-32.75 0-45.25s32.75-12.5 45.25 0l160 160C451.1 245.9 451.1 266.1 438.6 278.6z\"><\/path><\/svg><\/div><\/a><\/div><\/div><\/div><\/div><\/div>\n\n\n\n<div class=\"wp-block-zolo-team-child team-child-dad139 style-1 zolo-block parent-team-child-dad139\"><div class=\"zolo-item\"><div class=\"zolo-image-wrap\"><img loading=\"lazy\" decoding=\"async\" width=\"768\" height=\"1024\" src=\"http:\/\/www.izplusegitim.com\/wp-content\/uploads\/2026\/03\/Fatma-nur-yilmaz-mesul-mudur.jpg\" alt=\"Fatma Nur Y\u0131lmaz\" class=\"wp-image-514\" srcset=\"https:\/\/www.izplusegitim.com\/wp-content\/uploads\/2026\/03\/Fatma-nur-yilmaz-mesul-mudur.jpg 768w, https:\/\/www.izplusegitim.com\/wp-content\/uploads\/2026\/03\/Fatma-nur-yilmaz-mesul-mudur-225x300.jpg 225w\" sizes=\"(max-width: 768px) 100vw, 768px\" \/><\/div><div class=\"zolo-info-wrap\"><div class=\"zolo-content\"><div class=\"zolo-name\">Fatma Nur Y\u0131lmaz<\/div><div class=\"zolo-designation\">Mesul M\u00fcd\u00fcr<\/div><div class=\"zolo-desc\">\u0130lkyard\u0131m E\u011fitmeni<\/div><\/div><div class=\"zolo-social-and-link-wrap\"><div class=\"zolo-social-share\"><\/div><div class=\"zolo-link-btn\"><a class=\"zolo-external-link\" href=\"\"><div class=\"zolo__display-icon\"><svg xmlns=\"http:\/\/www.w3.org\/2000\/svg\" viewBox=\"0 0 448 512\"><path d=\"M438.6 278.6l-160 160C272.4 444.9 264.2 448 256 448s-16.38-3.125-22.62-9.375c-12.5-12.5-12.5-32.75 0-45.25L338.8 288H32C14.33 288 .0016 273.7 .0016 256S14.33 224 32 224h306.8l-105.4-105.4c-12.5-12.5-12.5-32.75 0-45.25s32.75-12.5 45.25 0l160 160C451.1 245.9 451.1 266.1 438.6 278.6z\"><\/path><\/svg><\/div><\/a><\/div><\/div><\/div><\/div><\/div>\n\n\n\n<div class=\"wp-block-zolo-team-child team-child-86a11e style-1 zolo-transform-animation zolo-block parent-team-child-d9r3kr4f parent-team-child-86a11e\"><div class=\"zolo-item\"><div class=\"zolo-image-wrap\"><img loading=\"lazy\" decoding=\"async\" width=\"896\" height=\"1195\" src=\"http:\/\/www.izplusegitim.com\/wp-content\/uploads\/2026\/03\/Mert-Tiryaki-Ilkyardim-Egitmeni.jpg\" alt=\"Mert Tiryaki\" class=\"wp-image-517\" srcset=\"https:\/\/www.izplusegitim.com\/wp-content\/uploads\/2026\/03\/Mert-Tiryaki-Ilkyardim-Egitmeni.jpg 896w, https:\/\/www.izplusegitim.com\/wp-content\/uploads\/2026\/03\/Mert-Tiryaki-Ilkyardim-Egitmeni-225x300.jpg 225w, https:\/\/www.izplusegitim.com\/wp-content\/uploads\/2026\/03\/Mert-Tiryaki-Ilkyardim-Egitmeni-768x1024.jpg 768w\" sizes=\"(max-width: 896px) 100vw, 896px\" \/><\/div><div class=\"zolo-info-wrap\"><div class=\"zolo-content\"><div class=\"zolo-name\">Mert Tiryaki<\/div><div class=\"zolo-designation\">\u0130lkyard\u0131m E\u011fitmeni<\/div><div class=\"zolo-desc\"><\/div><\/div><div class=\"zolo-social-and-link-wrap\"><div class=\"zolo-social-share\"><\/div><div class=\"zolo-link-btn\"><a class=\"zolo-external-link\" href=\"\"><div class=\"zolo__display-icon\"><svg xmlns=\"http:\/\/www.w3.org\/2000\/svg\" viewBox=\"0 0 448 512\"><path d=\"M438.6 278.6l-160 160C272.4 444.9 264.2 448 256 448s-16.38-3.125-22.62-9.375c-12.5-12.5-12.5-32.75 0-45.25L338.8 288H32C14.33 288 .0016 273.7 .0016 256S14.33 224 32 224h306.8l-105.4-105.4c-12.5-12.5-12.5-32.75 0-45.25s32.75-12.5 45.25 0l160 160C451.1 245.9 451.1 266.1 438.6 278.6z\"><\/path><\/svg><\/div><\/a><\/div><\/div><\/div><\/div><\/div>\n\n\n\n<div class=\"wp-block-zolo-team-child team-child-237be2 style-1 zolo-block parent-team-child-237be2\"><div class=\"zolo-item\"><div class=\"zolo-image-wrap\"><img loading=\"lazy\" decoding=\"async\" width=\"896\" height=\"1195\" src=\"http:\/\/www.izplusegitim.com\/wp-content\/uploads\/2026\/03\/Cigdem-Egitici-Egitmeni.png\" alt=\"\u00c7i\u011fdem Kut\" class=\"wp-image-527\" srcset=\"https:\/\/www.izplusegitim.com\/wp-content\/uploads\/2026\/03\/Cigdem-Egitici-Egitmeni.png 896w, https:\/\/www.izplusegitim.com\/wp-content\/uploads\/2026\/03\/Cigdem-Egitici-Egitmeni-225x300.png 225w, https:\/\/www.izplusegitim.com\/wp-content\/uploads\/2026\/03\/Cigdem-Egitici-Egitmeni-768x1024.png 768w\" sizes=\"(max-width: 896px) 100vw, 896px\" \/><\/div><div class=\"zolo-info-wrap\"><div class=\"zolo-content\"><div class=\"zolo-name\">\u00c7i\u011fdem Kut<\/div><div class=\"zolo-designation\">\u0130lkyard\u0131m E\u011fitmeni<\/div><div class=\"zolo-desc\"><\/div><\/div><div class=\"zolo-social-and-link-wrap\"><div class=\"zolo-social-share\"><\/div><div class=\"zolo-link-btn\"><a class=\"zolo-external-link\" href=\"\"><div class=\"zolo__display-icon\"><svg xmlns=\"http:\/\/www.w3.org\/2000\/svg\" viewBox=\"0 0 448 512\"><path d=\"M438.6 278.6l-160 160C272.4 444.9 264.2 448 256 448s-16.38-3.125-22.62-9.375c-12.5-12.5-12.5-32.75 0-45.25L338.8 288H32C14.33 288 .0016 273.7 .0016 256S14.33 224 32 224h306.8l-105.4-105.4c-12.5-12.5-12.5-32.75 0-45.25s32.75-12.5 45.25 0l160 160C451.1 245.9 451.1 266.1 438.6 278.6z\"><\/path><\/svg><\/div><\/a><\/div><\/div><\/div><\/div><\/div>\n\n\n\n<div class=\"wp-block-zolo-team-child team-child-518079 style-1 zolo-block parent-team-child-518079\"><div class=\"zolo-item\"><div class=\"zolo-image-wrap\"><img loading=\"lazy\" decoding=\"async\" width=\"768\" height=\"1024\" src=\"http:\/\/www.izplusegitim.com\/wp-content\/uploads\/2026\/03\/Cansu-ozyasar-ilkyardim-egitmeni.png\" alt=\"Cansu \u00d6zya\u015far\" class=\"wp-image-541\" srcset=\"https:\/\/www.izplusegitim.com\/wp-content\/uploads\/2026\/03\/Cansu-ozyasar-ilkyardim-egitmeni.png 768w, https:\/\/www.izplusegitim.com\/wp-content\/uploads\/2026\/03\/Cansu-ozyasar-ilkyardim-egitmeni-225x300.png 225w\" sizes=\"(max-width: 768px) 100vw, 768px\" \/><\/div><div class=\"zolo-info-wrap\"><div class=\"zolo-content\"><div class=\"zolo-name\">Cansu \u00d6zya\u015far<\/div><div class=\"zolo-designation\">\u0130lkyard\u0131m E\u011fitmeni<\/div><div class=\"zolo-desc\"><\/div><\/div><div class=\"zolo-social-and-link-wrap\"><div class=\"zolo-social-share\"><\/div><div class=\"zolo-link-btn\"><a class=\"zolo-external-link\" href=\"\"><div class=\"zolo__display-icon\"><svg xmlns=\"http:\/\/www.w3.org\/2000\/svg\" viewBox=\"0 0 448 512\"><path d=\"M438.6 278.6l-160 160C272.4 444.9 264.2 448 256 448s-16.38-3.125-22.62-9.375c-12.5-12.5-12.5-32.75 0-45.25L338.8 288H32C14.33 288 .0016 273.7 .0016 256S14.33 224 32 224h306.8l-105.4-105.4c-12.5-12.5-12.5-32.75 0-45.25s32.75-12.5 45.25 0l160 160C451.1 245.9 451.1 266.1 438.6 278.6z\"><\/path><\/svg><\/div><\/a><\/div><\/div><\/div><\/div><\/div>\n\n\n\n<div class=\"wp-block-zolo-team-child team-child-2b3e07 style-1 zolo-block parent-team-child-2b3e07\"><div class=\"zolo-item\"><div class=\"zolo-image-wrap\"><img loading=\"lazy\" decoding=\"async\" width=\"768\" height=\"1024\" src=\"http:\/\/www.izplusegitim.com\/wp-content\/uploads\/2026\/03\/Busra-nur-unurlu-egitmen.jpg\" alt=\"B\u00fc\u015fra Nur Unurlu\" class=\"wp-image-511\" srcset=\"https:\/\/www.izplusegitim.com\/wp-content\/uploads\/2026\/03\/Busra-nur-unurlu-egitmen.jpg 768w, https:\/\/www.izplusegitim.com\/wp-content\/uploads\/2026\/03\/Busra-nur-unurlu-egitmen-225x300.jpg 225w\" sizes=\"(max-width: 768px) 100vw, 768px\" \/><\/div><div class=\"zolo-info-wrap\"><div class=\"zolo-content\"><div class=\"zolo-name\">B\u00fc\u015fra Nur Unurlu<\/div><div class=\"zolo-designation\">\u0130lkyard\u0131m E\u011fitmeni<\/div><div class=\"zolo-desc\"><\/div><\/div><div class=\"zolo-social-and-link-wrap\"><div class=\"zolo-social-share\"><\/div><div class=\"zolo-link-btn\"><a class=\"zolo-external-link\" href=\"\"><div class=\"zolo__display-icon\"><svg xmlns=\"http:\/\/www.w3.org\/2000\/svg\" viewBox=\"0 0 448 512\"><path d=\"M438.6 278.6l-160 160C272.4 444.9 264.2 448 256 448s-16.38-3.125-22.62-9.375c-12.5-12.5-12.5-32.75 0-45.25L338.8 288H32C14.33 288 .0016 273.7 .0016 256S14.33 224 32 224h306.8l-105.4-105.4c-12.5-12.5-12.5-32.75 0-45.25s32.75-12.5 45.25 0l160 160C451.1 245.9 451.1 266.1 438.6 278.6z\"><\/path><\/svg><\/div><\/a><\/div><\/div><\/div><\/div><\/div>\n\n\n\n<div class=\"wp-block-zolo-team-child team-child-532eb9 style-1 zolo-block parent-team-child-532eb9\"><div class=\"zolo-item\"><div class=\"zolo-image-wrap\"><img loading=\"lazy\" decoding=\"async\" width=\"768\" height=\"1024\" src=\"http:\/\/www.izplusegitim.com\/wp-content\/uploads\/2026\/03\/Ayse-Korkmaz-Egitmen.jpg\" alt=\"Ay\u015fe Korkmaz\" class=\"wp-image-510\" srcset=\"https:\/\/www.izplusegitim.com\/wp-content\/uploads\/2026\/03\/Ayse-Korkmaz-Egitmen.jpg 768w, https:\/\/www.izplusegitim.com\/wp-content\/uploads\/2026\/03\/Ayse-Korkmaz-Egitmen-225x300.jpg 225w\" sizes=\"(max-width: 768px) 100vw, 768px\" \/><\/div><div class=\"zolo-info-wrap\"><div class=\"zolo-content\"><div class=\"zolo-name\">Ay\u015fe Korkmaz<\/div><div class=\"zolo-designation\">\u0130lkyard\u0131m E\u011fitmeni<\/div><div class=\"zolo-desc\"><\/div><\/div><div class=\"zolo-social-and-link-wrap\"><div class=\"zolo-social-share\"><\/div><div class=\"zolo-link-btn\"><a class=\"zolo-external-link\" href=\"\"><div class=\"zolo__display-icon\"><svg xmlns=\"http:\/\/www.w3.org\/2000\/svg\" viewBox=\"0 0 448 512\"><path d=\"M438.6 278.6l-160 160C272.4 444.9 264.2 448 256 448s-16.38-3.125-22.62-9.375c-12.5-12.5-12.5-32.75 0-45.25L338.8 288H32C14.33 288 .0016 273.7 .0016 256S14.33 224 32 224h306.8l-105.4-105.4c-12.5-12.5-12.5-32.75 0-45.25s32.75-12.5 45.25 0l160 160C451.1 245.9 451.1 266.1 438.6 278.6z\"><\/path><\/svg><\/div><\/a><\/div><\/div><\/div><\/div><\/div>\n<\/div>\n<\/div><\/div>\n\n\n\n<p><\/p>\n","protected":false},"excerpt":{"rendered":"","protected":false},"author":1,"featured_media":0,"parent":0,"menu_order":0,"comment_status":"closed","ping_status":"closed","template":"","meta":{"_zb_attr":"","zolo_post_video_link":"","footnotes":""},"class_list":["post-502","page","type-page","status-publish","hentry"],"_links":{"self":[{"href":"https:\/\/www.izplusegitim.com\/index.php?rest_route=\/wp\/v2\/pages\/502","targetHints":{"allow":["GET"]}}],"collection":[{"href":"https:\/\/www.izplusegitim.com\/index.php?rest_route=\/wp\/v2\/pages"}],"about":[{"href":"https:\/\/www.izplusegitim.com\/index.php?rest_route=\/wp\/v2\/types\/page"}],"author":[{"embeddable":true,"href":"https:\/\/www.izplusegitim.com\/index.php?rest_route=\/wp\/v2\/users\/1"}],"replies":[{"embeddable":true,"href":"https:\/\/www.izplusegitim.com\/index.php?rest_route=%2Fwp%2Fv2%2Fcomments&post=502"}],"version-history":[{"count":15,"href":"https:\/\/www.izplusegitim.com\/index.php?rest_route=\/wp\/v2\/pages\/502\/revisions"}],"predecessor-version":[{"id":545,"href":"https:\/\/www.izplusegitim.com\/index.php?rest_route=\/wp\/v2\/pages\/502\/revisions\/545"}],"wp:attachment":[{"href":"https:\/\/www.izplusegitim.com\/index.php?rest_route=%2Fwp%2Fv2%2Fmedia&parent=502"}],"curies":[{"name":"wp","href":"https:\/\/api.w.org\/{rel}","templated":true}]}}