{"id":418,"date":"2025-11-23T19:35:42","date_gmt":"2025-11-23T16:35:42","guid":{"rendered":"https:\/\/www.izplusegitim.com\/?page_id=418"},"modified":"2025-11-23T19:35:42","modified_gmt":"2025-11-23T16:35:42","slug":"hakkimizda","status":"publish","type":"page","link":"https:\/\/www.izplusegitim.com\/?page_id=418","title":{"rendered":"Hakk\u0131m\u0131zda"},"content":{"rendered":"\n<div class=\"wp-block-zolo-container container-3epqq4z1 alignfull zolo-root-container frontend zolo-block parent-container-3epqq4z1\"><div class=\"zolo-container-inner-blocks-wrap\">\n<div class=\"wp-block-zolo-container container-wls40kqr frontend zolo-block parent-container-wls40kqr\">\n<div class=\"wp-block-zolo-advanced-image advanced-image-cjkr0fgm zolo-block parent-advanced-image-cjkr0fgm\"><div class=\"zolo-image-block-wrap no-mask\"><div class=\"zolo-image-block-inner\"><div class=\"zolo-img-wrap\"><img decoding=\"async\" class=\"zolo-img wp-image-39646\" src=\"https:\/\/zoloblocks.com\/demo\/wp-content\/uploads\/2024\/11\/feather-pen.svg\" alt=\"\"\/><\/div><\/div><\/div><\/div>\n\n\n\n<div class=\"wp-block-zolo-advanced-heading advanced-heading-y27q0uib zolo-block parent-advanced-heading-y27q0uib\"><div class=\"zolo-block-wrapper zolo-advanced-heading zolo-ah-style-0 advanced-heading-y27q0uib  \"><h4 class=\"zolo-ah-subtitle\">\u0130z Plus e\u011fitim<\/h4><h2 class=\"zolo-ah-title\"><span class=\"zolo-ah-main-title \">Hakk\u0131m\u0131zda<\/span><\/h2><\/div><\/div>\n\n\n\n<p class=\"wp-block-zolo-advanced-paragraph advanced-paragraph-l702onrb zolo-block parent-advanced-paragraph-l702onrb has-dropcap\">\u0130z Plus E\u011fitim &amp; Dan\u0131\u015fmanl\u0131k, Gaziantep merkezli olarak faaliyet g\u00f6steren ve <strong>10 y\u0131l\u0131 a\u015fk\u0131n tecr\u00fcbesi<\/strong>yle e\u011fitim, dan\u0131\u015fmanl\u0131k ve denetim alanlar\u0131nda g\u00fcvenilir hizmet sunan profesyonel bir kurulu\u015ftur. Kuruldu\u011fumuz g\u00fcnden bu yana amac\u0131m\u0131z; bireylerin ve kurumlar\u0131n g\u00fcvenli, bilin\u00e7li ve uluslararas\u0131 standartlara uygun bir \u00e7al\u0131\u015fma k\u00fclt\u00fcr\u00fc geli\u015ftirmesine katk\u0131 sa\u011flamakt\u0131r.<br><br>\u201c<strong>E\u011fitim ile Sa\u011fl\u0131\u011fa \u0130lk Ad\u0131m<\/strong>\u201d anlay\u0131\u015f\u0131yla hareket eden \u0130z Plus, ilkyard\u0131m, i\u015f sa\u011fl\u0131\u011f\u0131 ve g\u00fcvenli\u011fi, hijyen, y\u00fcksekte \u00e7al\u0131\u015fma, ISO y\u00f6netim sistemleri ve uluslararas\u0131 sosyal uygunluk denetimleri (BSCI, SEDEX\/SMETA, CTPAT, COSTCO vb.) gibi geni\u015f bir alanda e\u011fitim ve dan\u0131\u015fmanl\u0131k hizmeti sunmaktad\u0131r. Her bir hizmetimiz, sekt\u00f6rel ihtiya\u00e7lara uygun olarak tasarlanm\u0131\u015f, uygulamal\u0131 ve g\u00fcncel i\u00e7eriklerle desteklenmektedir.<br><br>Alan\u0131nda uzman e\u011fitmen kadromuz ve saha tecr\u00fcbemiz sayesinde, i\u015fletmelerin hem yasal gerekliliklerini kar\u015f\u0131lamas\u0131na hem de \u00e7al\u0131\u015fanlar\u0131n\u0131n yetkinliklerini art\u0131rmas\u0131na destek oluyoruz. Ayn\u0131 zamanda uluslararas\u0131 markalar\u0131n talep etti\u011fi denetim standartlar\u0131na tam uyum sa\u011flayabilmeleri i\u00e7in firmalara kapsaml\u0131 \u00e7\u00f6z\u00fcm ortakl\u0131\u011f\u0131 sa\u011fl\u0131yoruz.<br>Her m\u00fc\u015fterimize \u00f6zel \u00e7\u00f6z\u00fcmler \u00fcretmeyi, do\u011fru bilgiye h\u0131zl\u0131 eri\u015fimi sa\u011flamay\u0131 ve e\u011fitim s\u00fcre\u00e7lerini daha etkili hale getirecek modern y\u00f6ntemler kullanmay\u0131 temel prensip haline getirdik. Bu do\u011frultuda; g\u00fcvenilirlik, \u015feffafl\u0131k, profesyonellik ve d\u00fcr\u00fcstl\u00fck ilkelerini t\u00fcm \u00e7al\u0131\u015fmalar\u0131m\u0131zda titizlikle uyguluyoruz.<br>\u0130z Plus E\u011fitim &amp; Dan\u0131\u015fmanl\u0131k olarak hedefimiz; bireylerin ve kurumlar\u0131n geli\u015fimine katk\u0131 sa\u011flayan, sekt\u00f6rde fark yaratan ve kaliteyi s\u00fcrd\u00fcr\u00fclebilir hale getiren bir hizmet anlay\u0131\u015f\u0131n\u0131 devam ettirmektir. Her zaman daha iyiye ula\u015fmak i\u00e7in kendimizi geli\u015ftiriyor, yeniliklere uyum sa\u011fl\u0131yor ve hizmet kalitemizi s\u00fcrekli olarak art\u0131r\u0131yoruz.<br>Siz de g\u00fcvenli bir \u00e7al\u0131\u015fma k\u00fclt\u00fcr\u00fc olu\u015fturmak, uluslararas\u0131 standartlara uyumu sa\u011flamak ve profesyonel e\u011fitimlerle ekibinizi g\u00fc\u00e7lendirmek istiyorsan\u0131z, \u0130z Plus E\u011fitim &amp; Dan\u0131\u015fmanl\u0131k olarak yan\u0131n\u0131zday\u0131z.<\/p>\n<\/div>\n<\/div><\/div>\n","protected":false},"excerpt":{"rendered":"","protected":false},"author":1,"featured_media":0,"parent":0,"menu_order":0,"comment_status":"closed","ping_status":"closed","template":"","meta":{"_zb_attr":"","zolo_post_video_link":"","footnotes":""},"class_list":["post-418","page","type-page","status-publish","hentry"],"_links":{"self":[{"href":"https:\/\/www.izplusegitim.com\/index.php?rest_route=\/wp\/v2\/pages\/418","targetHints":{"allow":["GET"]}}],"collection":[{"href":"https:\/\/www.izplusegitim.com\/index.php?rest_route=\/wp\/v2\/pages"}],"about":[{"href":"https:\/\/www.izplusegitim.com\/index.php?rest_route=\/wp\/v2\/types\/page"}],"author":[{"embeddable":true,"href":"https:\/\/www.izplusegitim.com\/index.php?rest_route=\/wp\/v2\/users\/1"}],"replies":[{"embeddable":true,"href":"https:\/\/www.izplusegitim.com\/index.php?rest_route=%2Fwp%2Fv2%2Fcomments&post=418"}],"version-history":[{"count":1,"href":"https:\/\/www.izplusegitim.com\/index.php?rest_route=\/wp\/v2\/pages\/418\/revisions"}],"predecessor-version":[{"id":419,"href":"https:\/\/www.izplusegitim.com\/index.php?rest_route=\/wp\/v2\/pages\/418\/revisions\/419"}],"wp:attachment":[{"href":"https:\/\/www.izplusegitim.com\/index.php?rest_route=%2Fwp%2Fv2%2Fmedia&parent=418"}],"curies":[{"name":"wp","href":"https:\/\/api.w.org\/{rel}","templated":true}]}}