{"id":415,"date":"2025-11-23T19:34:37","date_gmt":"2025-11-23T16:34:37","guid":{"rendered":"https:\/\/www.izplusegitim.com\/?page_id=415"},"modified":"2025-11-23T19:50:52","modified_gmt":"2025-11-23T16:50:52","slug":"hakkimda","status":"publish","type":"page","link":"https:\/\/www.izplusegitim.com\/?page_id=415","title":{"rendered":"Kalite Politikas\u0131"},"content":{"rendered":"\n<div class=\"wp-block-zolo-container container-3epqq4z1 alignfull zolo-root-container frontend zolo-block parent-container-3epqq4z1\"><div class=\"zolo-container-inner-blocks-wrap\">\n<div class=\"wp-block-zolo-container container-wls40kqr frontend zolo-block parent-container-wls40kqr\">\n<div class=\"wp-block-zolo-advanced-image advanced-image-cjkr0fgm zolo-block parent-advanced-image-cjkr0fgm\"><div class=\"zolo-image-block-wrap no-mask\"><div class=\"zolo-image-block-inner\"><div class=\"zolo-img-wrap\"><img decoding=\"async\" class=\"zolo-img wp-image-39646\" src=\"https:\/\/zoloblocks.com\/demo\/wp-content\/uploads\/2024\/11\/feather-pen.svg\" alt=\"\"\/><\/div><\/div><\/div><\/div>\n\n\n\n<div class=\"wp-block-zolo-advanced-heading advanced-heading-y27q0uib zolo-block parent-advanced-heading-y27q0uib\"><div class=\"zolo-block-wrapper zolo-advanced-heading zolo-ah-style-0 advanced-heading-y27q0uib  \"><h4 class=\"zolo-ah-subtitle\">izplus e\u011fitim<\/h4><h2 class=\"zolo-ah-title\"><span class=\"zolo-ah-main-title \">Hakk\u0131m\u0131zda<\/span><\/h2><\/div><\/div>\n\n\n\n<p class=\"wp-block-zolo-advanced-paragraph advanced-paragraph-l702onrb zolo-block parent-advanced-paragraph-l702onrb has-dropcap\">\u0130z Plus E\u011fitim &amp; Dan\u0131\u015fmanl\u0131k olarak; e\u011fitim, dan\u0131\u015fmanl\u0131k ve denetim alanlar\u0131nda sundu\u011fumuz t\u00fcm hizmetlerde <strong>g\u00fcvenilir, \u015feffaf, yenilik\u00e7i ve s\u00fcrd\u00fcr\u00fclebilir bir kalite anlay\u0131\u015f\u0131n\u0131<\/strong> benimsemekteyiz. Amac\u0131m\u0131z, bireylerin ve kurumlar\u0131n ihtiya\u00e7 duydu\u011fu bilgi ve becerileri en y\u00fcksek standartlarda sunarak; g\u00fcvenli, bilin\u00e7li ve uluslararas\u0131 normlara uygun bir \u00e7al\u0131\u015fma k\u00fclt\u00fcr\u00fc olu\u015fturulmas\u0131na katk\u0131 sa\u011flamakt\u0131r.<br>Bu do\u011frultuda;<br><strong>M\u00fc\u015fteri memnuniyetini<\/strong> en \u00fcst seviyede tutmay\u0131, ihtiya\u00e7 ve beklentilere h\u0131zl\u0131, do\u011fru ve \u00e7\u00f6z\u00fcm odakl\u0131 yakla\u015f\u0131mla cevap vermeyi,<br>Sa\u011fl\u0131k Bakanl\u0131\u011f\u0131, \u00c7al\u0131\u015fma Bakanl\u0131\u011f\u0131, uluslararas\u0131 denetim kurulu\u015flar\u0131 ve ISO standartlar\u0131na <strong>tam uyum<\/strong> sa\u011flamay\u0131,<br>E\u011fitim ve dan\u0131\u015fmanl\u0131k s\u00fcre\u00e7lerinde <strong>bilimsel, g\u00fcncel, uygulanabilir ve pratik<\/strong> y\u00f6ntemler kullanmay\u0131,<br>Personelimizin s\u00fcrekli geli\u015fimini destekleyerek <strong>uzman, yetkin ve profesyonel bir ekip<\/strong> yap\u0131s\u0131n\u0131 s\u00fcrd\u00fcrmeyi,<br>Verilen t\u00fcm hizmetlerde <strong>gizlilik, etik de\u011ferler ve tarafs\u0131zl\u0131k<\/strong> ilkelerinden taviz vermemeyi,<br>S\u00fcre\u00e7lerimizi d\u00fczenli olarak g\u00f6zden ge\u00e7irerek <strong>s\u00fcrekli iyile\u015ftirme<\/strong> anlay\u0131\u015f\u0131 ile her alanda geli\u015fmeyi,<br>Topluma, \u00e7evreye ve \u00e7al\u0131\u015fan sa\u011fl\u0131\u011f\u0131na duyarl\u0131 bir hizmet yakla\u015f\u0131m\u0131n\u0131 korumay\u0131,<br>kalite y\u00f6netiminin temel prensipleri olarak benimser ve taahh\u00fct ederiz.<br>\u0130z Plus E\u011fitim &amp; Dan\u0131\u015fmanl\u0131k, \u201c<strong>E\u011fitim ile Sa\u011fl\u0131\u011fa \u0130lk Ad\u0131m<\/strong>\u201d anlay\u0131\u015f\u0131yla hareket eder ve t\u00fcm hizmetlerinde kaliteyi s\u00fcrd\u00fcr\u00fclebilir bir de\u011fer olarak g\u00f6r\u00fcr.<\/p>\n<\/div>\n<\/div><\/div>\n","protected":false},"excerpt":{"rendered":"","protected":false},"author":1,"featured_media":0,"parent":0,"menu_order":0,"comment_status":"closed","ping_status":"closed","template":"","meta":{"_zb_attr":"","zolo_post_video_link":"","footnotes":""},"class_list":["post-415","page","type-page","status-publish","hentry"],"_links":{"self":[{"href":"https:\/\/www.izplusegitim.com\/index.php?rest_route=\/wp\/v2\/pages\/415","targetHints":{"allow":["GET"]}}],"collection":[{"href":"https:\/\/www.izplusegitim.com\/index.php?rest_route=\/wp\/v2\/pages"}],"about":[{"href":"https:\/\/www.izplusegitim.com\/index.php?rest_route=\/wp\/v2\/types\/page"}],"author":[{"embeddable":true,"href":"https:\/\/www.izplusegitim.com\/index.php?rest_route=\/wp\/v2\/users\/1"}],"replies":[{"embeddable":true,"href":"https:\/\/www.izplusegitim.com\/index.php?rest_route=%2Fwp%2Fv2%2Fcomments&post=415"}],"version-history":[{"count":2,"href":"https:\/\/www.izplusegitim.com\/index.php?rest_route=\/wp\/v2\/pages\/415\/revisions"}],"predecessor-version":[{"id":441,"href":"https:\/\/www.izplusegitim.com\/index.php?rest_route=\/wp\/v2\/pages\/415\/revisions\/441"}],"wp:attachment":[{"href":"https:\/\/www.izplusegitim.com\/index.php?rest_route=%2Fwp%2Fv2%2Fmedia&parent=415"}],"curies":[{"name":"wp","href":"https:\/\/api.w.org\/{rel}","templated":true}]}}