{"id":402,"date":"2025-11-23T19:19:42","date_gmt":"2025-11-23T16:19:42","guid":{"rendered":"https:\/\/www.izplusegitim.com\/?page_id=402"},"modified":"2025-12-03T23:25:41","modified_gmt":"2025-12-03T20:25:41","slug":"iletisim","status":"publish","type":"page","link":"https:\/\/www.izplusegitim.com\/?page_id=402","title":{"rendered":"\u0130leti\u015fim"},"content":{"rendered":"\n<div class=\"wp-block-columns is-layout-flex wp-container-core-columns-is-layout-09ff9031 wp-block-columns-is-layout-flex\" style=\"margin-top:0;margin-bottom:0;padding-top:var(--wp--preset--spacing--80);padding-bottom:var(--wp--preset--spacing--80)\">\n<div class=\"wp-block-column is-vertically-aligned-center is-layout-flow wp-block-column-is-layout-flow\" style=\"flex-basis:45%\">\n<div class=\"wp-block-columns is-layout-flex wp-container-core-columns-is-layout-28f84493 wp-block-columns-is-layout-flex\">\n<div class=\"wp-block-column is-layout-flow wp-container-core-column-is-layout-8a368f38 wp-block-column-is-layout-flow\">\n<h2 class=\"wp-block-heading has-contrast-color has-text-color has-link-color has-medium-font-size wp-elements-08f5775f6c5978243bf69b507f46d193\" style=\"font-style:normal;font-weight:500\">\u0130z Plus E\u011fitim<\/h2>\n\n\n\n<h2 class=\"wp-block-heading is-style-text-section-header is-style-text-section-header--1\" style=\"font-style:normal;font-weight:500\">Haydi ileti\u015fime ge\u00e7elim!<\/h2>\n<\/div>\n<\/div>\n\n\n\n<p class=\"has-accent-4-color has-text-color has-link-color has-medium-font-size wp-elements-acd7b5069aa8b1910245e97c470ff8ed\" style=\"padding-bottom:var(--wp--preset--spacing--30);line-height:1.6\">Whether you have questions about our services, need pet care advice, or want to share a photo of your furry friend, our team is here to help.<\/p>\n\n\n\n<div class=\"wp-block-group has-accent-1-background-color has-background is-content-justification-space-between is-nowrap is-layout-flex wp-container-core-group-is-layout-9cf1a2ae wp-block-group-is-layout-flex\" style=\"border-radius:20px;padding-top:var(--wp--preset--spacing--40);padding-right:var(--wp--preset--spacing--40);padding-bottom:var(--wp--preset--spacing--40);padding-left:var(--wp--preset--spacing--40)\">\n<div class=\"wp-block-columns is-layout-flex wp-container-core-columns-is-layout-28f84493 wp-block-columns-is-layout-flex\">\n<div class=\"wp-block-column is-layout-flow wp-container-core-column-is-layout-8a368f38 wp-block-column-is-layout-flow\">\n<h2 class=\"wp-block-heading has-accent-5-color has-text-color has-link-color has-medium-font-size wp-elements-39e94f61c1d9cd17edd16394e4ecf823\" style=\"font-style:normal;font-weight:500\">Adres<\/h2>\n\n\n\n<p class=\"has-accent-4-color has-text-color has-link-color has-medium-font-size wp-elements-9ce80fa53678c661db5f06b8383d0031\">Topa\u00e7 Sokak No:61, Eydibaba, 27500 \u015eehitkamil\/Gaziantep<\/p>\n<\/div>\n<\/div>\n\n\n\n<div class=\"wp-block-columns is-layout-flex wp-container-core-columns-is-layout-28f84493 wp-block-columns-is-layout-flex\">\n<div class=\"wp-block-column is-layout-flow wp-block-column-is-layout-flow\" style=\"border-radius:10px\">\n<div class=\"wp-block-eryndo-svg-icon aligncenter has-text-align-center eryndo-svg-icon-block has-transparent-background-color has-background is-layout-flow wp-block-eryndo-svg-icon-is-layout-flow\" style=\"border-style:none;border-width:0px;border-radius:0px;margin-top:0;margin-bottom:0;display:inline-block;text-align:center;width:fit-content;margin:0 auto;--icon-color:currentColor;--icon-bg-color:transparent\"><div class=\"svg-icon-container\" style=\"display:inline-flex;align-items:center;justify-content:center;width:48px;height:48px;line-height:0;color:var(--icon-color);background-color:var(--icon-bg-color)\"><img decoding=\"async\" src=\"https:\/\/www.izplusegitim.com\/wp-content\/themes\/eryndo\/assets\/images\/eryndo-icon-10.svg\" alt=\"SVG Icon\" style=\"width:100%;height:100%;object-fit:contain\"\/><\/div><\/div>\n<\/div>\n<\/div>\n<\/div>\n\n\n\n<div class=\"wp-block-group has-accent-1-background-color has-background is-content-justification-space-between is-nowrap is-layout-flex wp-container-core-group-is-layout-9cf1a2ae wp-block-group-is-layout-flex\" style=\"border-radius:20px;padding-top:var(--wp--preset--spacing--40);padding-right:var(--wp--preset--spacing--40);padding-bottom:var(--wp--preset--spacing--40);padding-left:var(--wp--preset--spacing--40)\">\n<div class=\"wp-block-columns is-layout-flex wp-container-core-columns-is-layout-28f84493 wp-block-columns-is-layout-flex\">\n<div class=\"wp-block-column is-layout-flow wp-container-core-column-is-layout-8a368f38 wp-block-column-is-layout-flow\">\n<h2 class=\"wp-block-heading has-accent-5-color has-text-color has-link-color has-medium-font-size wp-elements-a93b852cb3180f4c51deea5049bec390\" style=\"font-style:normal;font-weight:500\">Telefon<\/h2>\n\n\n\n<p class=\"has-contrast-color has-text-color has-link-color has-medium-font-size wp-elements-8d6b4ed10fad79b387b894aabbbec84a\">+90 531 722 14 04<\/p>\n<\/div>\n<\/div>\n\n\n\n<div class=\"wp-block-columns is-layout-flex wp-container-core-columns-is-layout-28f84493 wp-block-columns-is-layout-flex\">\n<div class=\"wp-block-column is-layout-flow wp-block-column-is-layout-flow\" style=\"border-radius:10px\">\n<div class=\"wp-block-eryndo-svg-icon aligncenter has-text-align-center eryndo-svg-icon-block has-transparent-background-color has-background is-layout-flow wp-block-eryndo-svg-icon-is-layout-flow\" style=\"border-style:none;border-width:0px;border-radius:0px;margin-top:0;margin-bottom:0;display:inline-block;text-align:center;width:fit-content;margin:0 auto;--icon-color:currentColor;--icon-bg-color:transparent\"><div class=\"svg-icon-container\" style=\"display:inline-flex;align-items:center;justify-content:center;width:48px;height:48px;line-height:0;color:var(--icon-color);background-color:var(--icon-bg-color)\"><img decoding=\"async\" src=\"https:\/\/www.izplusegitim.com\/wp-content\/themes\/eryndo\/assets\/images\/eryndo-icon-11.svg\" alt=\"SVG Icon\" style=\"width:100%;height:100%;object-fit:contain\"\/><\/div><\/div>\n<\/div>\n<\/div>\n<\/div>\n\n\n\n<div class=\"wp-block-group has-accent-1-background-color has-background is-content-justification-space-between is-nowrap is-layout-flex wp-container-core-group-is-layout-9cf1a2ae wp-block-group-is-layout-flex\" style=\"border-radius:20px;padding-top:var(--wp--preset--spacing--40);padding-right:var(--wp--preset--spacing--40);padding-bottom:var(--wp--preset--spacing--40);padding-left:var(--wp--preset--spacing--40)\">\n<div class=\"wp-block-columns is-layout-flex wp-container-core-columns-is-layout-28f84493 wp-block-columns-is-layout-flex\">\n<div class=\"wp-block-column is-layout-flow wp-container-core-column-is-layout-22223934 wp-block-column-is-layout-flow\">\n<h2 class=\"wp-block-heading has-accent-5-color has-text-color has-link-color has-medium-font-size wp-elements-217ea249c3530ad66adf39c0c12472c4\" style=\"font-style:normal;font-weight:500\">Saatler<\/h2>\n\n\n\n<p class=\"has-accent-4-color has-text-color has-link-color has-medium-font-size wp-elements-d8d7b8b1386a00aec3008b918943175e\">Pazartesi-Cuma<\/p>\n\n\n\n<p class=\"has-accent-4-color has-text-color has-link-color has-medium-font-size wp-elements-152a5573a768ce175eccb033d46b3a8b\">08:00-18:00<\/p>\n\n\n\n<p class=\"has-contrast-color has-text-color has-link-color has-medium-font-size wp-elements-7381a41929d2856c16a35092f61e6431\">Cumartesi &#8211; Pazar: Kapal\u0131<\/p>\n\n\n\n<p><\/p>\n<\/div>\n<\/div>\n\n\n\n<div class=\"wp-block-columns is-layout-flex wp-container-core-columns-is-layout-28f84493 wp-block-columns-is-layout-flex\">\n<div class=\"wp-block-column is-layout-flow wp-block-column-is-layout-flow\" style=\"border-radius:10px\">\n<div class=\"wp-block-eryndo-svg-icon aligncenter has-text-align-center eryndo-svg-icon-block has-transparent-background-color has-background is-layout-flow wp-block-eryndo-svg-icon-is-layout-flow\" style=\"border-style:none;border-width:0px;border-radius:0px;margin-top:0;margin-bottom:0;display:inline-block;text-align:center;width:fit-content;margin:0 auto;--icon-color:currentColor;--icon-bg-color:transparent\"><div class=\"svg-icon-container\" style=\"display:inline-flex;align-items:center;justify-content:center;width:48px;height:48px;line-height:0;color:var(--icon-color);background-color:var(--icon-bg-color)\"><img decoding=\"async\" src=\"https:\/\/www.izplusegitim.com\/wp-content\/themes\/eryndo\/assets\/images\/eryndo-icon-12.svg\" alt=\"SVG Icon\" style=\"width:100%;height:100%;object-fit:contain\"\/><\/div><\/div>\n<\/div>\n<\/div>\n<\/div>\n<\/div>\n\n\n\n<div class=\"wp-block-column is-vertically-aligned-center has-contrast-background-color has-background is-layout-flow wp-block-column-is-layout-flow\" style=\"border-radius:20px;padding-top:var(--wp--preset--spacing--50);padding-right:var(--wp--preset--spacing--50);padding-bottom:var(--wp--preset--spacing--50);padding-left:var(--wp--preset--spacing--50);flex-basis:55%\">\n<h2 class=\"wp-block-heading is-style-text-display has-base-color has-text-color has-link-color wp-elements-1ba8746ed976746fe9a3f4e8703b8b63 is-style-text-display--2\" style=\"font-style:normal;font-weight:500\">\u0130leti\u015fim<\/h2>\n\n\n\n<p class=\"has-accent-1-color has-text-color has-link-color has-medium-font-size wp-elements-123c19d851e59f97624777cf3e444466\" style=\"padding-bottom:var(--wp--preset--spacing--20);line-height:1.6\">Bir sorunuz, fikriniz mi var veya sadece merhaba demek mi istiyorsunuz? Bize bir mesaj g\u00f6nderin; g\u00fcler y\u00fczl\u00fc ekibimiz, siz s\u00f6ylemeden daha k\u0131sa s\u00fcrede sizinle ileti\u015fime ge\u00e7ecektir.<\/p>\n\n\n\n<div class=\"wp-block-columns is-layout-flex wp-container-core-columns-is-layout-28f84493 wp-block-columns-is-layout-flex\">\n<div class=\"wp-block-column has-border-color has-base-color has-accent-7-background-color has-text-color has-background has-link-color wp-elements-303e24ee7def70e51bc835c623a5ce52 is-layout-flow wp-block-column-is-layout-flow\" style=\"border-color:color-mix(in srgb, currentColor 20%, transparent);border-width:1px;border-radius:10px;padding-top:var(--wp--preset--spacing--30);padding-right:var(--wp--preset--spacing--30);padding-bottom:var(--wp--preset--spacing--30);padding-left:var(--wp--preset--spacing--30)\">\n<div class=\"wp-block-zolo-form form-iptq9mz6 zolo-block parent-form-iptq9mz6 style-1\"><div class=\"zolo-form-msg form_top\"><div class=\"zolo-form-msg-content\"><div class=\"zolo-msg-icon\"><svg aria-hidden=\"true\" xmlns=\"http:\/\/www.w3.org\/2000\/svg\" fill=\"none\" viewBox=\"0 0 24 24\"><path stroke=\"currentColor\" stroke-linecap=\"round\" stroke-linejoin=\"round\" stroke-width=\"1\" d=\"M8.5 11.5 11 14l4-4m6 2a9 9 0 1 1-18 0 9 9 0 0 1 18 0Z\"><\/path><\/svg><\/div><p class=\"zolo-msg-desc\"><\/p><\/div><button class=\"zolo-msg-close\"><svg aria-hidden=\"true\" xmlns=\"http:\/\/www.w3.org\/2000\/svg\" fill=\"none\" viewBox=\"0 0 24 24\"><path stroke=\"currentColor\" stroke-linecap=\"round\" stroke-linejoin=\"round\" stroke-width=\"1\" d=\"M6 18 18 6m0 12L6 6\"><\/path><\/svg><\/button><\/div><form class=\"zolo-contact-form zolo-contact-form-style-1 zolo-field-icon-style-1 form\" data-form-id=\"zolo-form-uiodh3q4v\" data-recaptcha=\"false\">\n<div data-field-settings=\"{&quot;label&quot;:&quot;Text&quot;}\" class=\"wp-block-zolo-text-field text-field-9coerdbt zolo-block parent-text-field-9coerdbt zolo-field-icon form-group\"><div class=\"zolo-field-item\"><div class=\"zolo-label-wrapper\"><label class=\"zolo-label\">Name<\/label><span class=\"zolo-required\">*<\/span><\/div><div class=\"zolo-field-input-item\"><div class=\"zolo-input-icon\"><div class=\"zolo__display-icon\"><svg xmlns=\"http:\/\/www.w3.org\/2000\/svg\" viewBox=\"0 0 448 512\"><path d=\"M224 256c70.7 0 128-57.31 128-128s-57.3-128-128-128C153.3 0 96 57.31 96 128S153.3 256 224 256zM274.7 304H173.3C77.61 304 0 381.6 0 477.3c0 19.14 15.52 34.67 34.66 34.67h378.7C432.5 512 448 496.5 448 477.3C448 381.6 370.4 304 274.7 304z\"><\/path><\/svg><\/div><\/div><input type=\"text\" value=\"\" name=\"name_9coerdbt\" placeholder=\"Ad Soyad\" required data-pristine-required-message=\"L\u00fctfen bo\u015f alanlar\u0131 doldurunuz!\"\/><\/div><\/div><\/div>\n\n\n\n<div data-field-settings=\"{&quot;label&quot;:&quot;Email&quot;}\" class=\"wp-block-zolo-email email-snka3zpi zolo-block parent-email-snka3zpi zolo-field-icon form-group\"><div class=\"zolo-field-item\"><div class=\"zolo-label-wrapper\"><label class=\"zolo-label\">Email<\/label><span class=\"zolo-required\">*<\/span><\/div><div class=\"zolo-field-input-item\"><div class=\"zolo-input-icon\"><div class=\"zolo__display-icon\"><svg xmlns=\"http:\/\/www.w3.org\/2000\/svg\" viewBox=\"0 0 512 512\"><path d=\"M464 64C490.5 64 512 85.49 512 112C512 127.1 504.9 141.3 492.8 150.4L275.2 313.6C263.8 322.1 248.2 322.1 236.8 313.6L19.2 150.4C7.113 141.3 0 127.1 0 112C0 85.49 21.49 64 48 64H464zM217.6 339.2C240.4 356.3 271.6 356.3 294.4 339.2L512 176V384C512 419.3 483.3 448 448 448H64C28.65 448 0 419.3 0 384V176L217.6 339.2z\"><\/path><\/svg><\/div><\/div><input type=\"email\" value=\"\" name=\"email_snka3zpi\" required placeholder=\"\u00f6rnek@email.com\" data-pristine-required-message=\"This field is required\" data-pristine-email-message=\"L\u00fctfen e-mail adresinizi giriniz!\"\/><\/div><\/div><\/div>\n\n\n\n<div data-field-settings=\"{&quot;label&quot;:&quot;Telefon Numaras\\u0131&quot;}\" class=\"wp-block-zolo-text-field text-field-6s2vtm4u zolo-block parent-text-field-6s2vtm4u zolo-field-icon form-group\"><div class=\"zolo-field-item\"><div class=\"zolo-label-wrapper\"><label class=\"zolo-label\">Telefon Numaras\u0131<\/label><span class=\"zolo-required\">*<\/span><\/div><div class=\"zolo-field-input-item\"><div class=\"zolo-input-icon\"><div class=\"zolo__display-icon\"><svg xmlns=\"http:\/\/www.w3.org\/2000\/svg\" viewBox=\"0 0 448 512\"><path d=\"M224 256c70.7 0 128-57.31 128-128s-57.3-128-128-128C153.3 0 96 57.31 96 128S153.3 256 224 256zM274.7 304H173.3C77.61 304 0 381.6 0 477.3c0 19.14 15.52 34.67 34.66 34.67h378.7C432.5 512 448 496.5 448 477.3C448 381.6 370.4 304 274.7 304z\"><\/path><\/svg><\/div><\/div><input type=\"text\" value=\"\" name=\"name_6s2vtm4u\" placeholder=\"11 Haneli olarak telefon numaras\u0131 giriniz!\" required data-pristine-required-message=\"This field is required\"\/><\/div><\/div><\/div>\n\n\n\n<div data-field-settings=\"{&quot;label&quot;:&quot;Mesaj&quot;}\" class=\"wp-block-zolo-textarea textarea-x6lb8f46 zolo-block parent-textarea-x6lb8f46 zolo-field-icon form-group\"><div class=\"zolo-field-item\"><div class=\"zolo-label-wrapper\"><label class=\"zolo-label\">Mesaj<\/label><span class=\"zolo-required\">*<\/span><\/div><div class=\"zolo-field-input-item\"><div class=\"zolo-input-icon\"><div class=\"zolo__display-icon\"><svg xmlns=\"http:\/\/www.w3.org\/2000\/svg\" viewBox=\"0 0 512 512\"><path d=\"M511.1 63.1v287.1c0 35.25-28.75 63.1-64 63.1h-144l-124.9 93.68c-7.875 5.75-19.12 .0497-19.12-9.7v-83.98h-96c-35.25 0-64-28.75-64-63.1V63.1c0-35.25 28.75-63.1 64-63.1h384C483.2 0 511.1 28.75 511.1 63.1z\"><\/path><\/svg><\/div><\/div><textarea id=\"textarea\" name=\"message_x6lb8f46\" rows=\"4\" placeholder=\"L\u00fctfen Detayl\u0131 A\u00e7\u0131klama Yap\u0131n\u0131z!\" required data-pristine-required-message=\"This field is required\"><\/textarea><\/div><\/div><\/div>\n<div class=\"zolo-field-item zolo-field-icon zolo-field-icon-style-1\"><div class=\"zolo-submit-btn\"><button type=\"submit\" class=\"right\"><span class=\"zolo-submit-btn-content\">G\u00f6nder<div class=\"zolo__display-icon\"><svg xmlns=\"http:\/\/www.w3.org\/2000\/svg\" viewBox=\"0 0 448 512\"><path d=\"M285.6 444.1C279.8 458.3 264.8 466.3 249.8 463.4C234.8 460.4 223.1 447.3 223.1 432V256H47.1C32.71 256 19.55 245.2 16.6 230.2C13.65 215.2 21.73 200.2 35.88 194.4L387.9 50.38C399.8 45.5 413.5 48.26 422.6 57.37C431.7 66.49 434.5 80.19 429.6 92.12L285.6 444.1z\"><\/path><\/svg><\/div><\/span><\/button><\/div><\/div><\/form><\/div>\n\n\n\n<p class=\"has-medium-font-size\"><\/p>\n<\/div>\n<\/div>\n<\/div>\n<\/div>\n\n\n\n<div class=\"wp-block-columns is-layout-flex wp-container-core-columns-is-layout-28f84493 wp-block-columns-is-layout-flex\">\n<div class=\"wp-block-column is-layout-flow wp-block-column-is-layout-flow\">\n<iframe src=\"https:\/\/www.google.com\/maps\/embed?pb=!1m18!1m12!1m3!1d3183.2327998449723!2d37.3809094!3d37.075761899999996!2m3!1f0!2f0!3f0!3m2!1i1024!2i768!4f13.1!3m3!1m2!1s0x1531e7039aefd42f%3A0x673442a25063a6a0!2zxLB6IFBsdXMgU2HEn2zEsWsgxLBsa3lhcmTEsW0gRcSfaXRpbWxlcmk!5e0!3m2!1str!2str!4v1764791083438!5m2!1str!2str\" width=\"1600\" height=\"600\" style=\"border:0;\" allowfullscreen=\"\" loading=\"lazy\" referrerpolicy=\"no-referrer-when-downgrade\"><\/iframe>\n<\/div>\n<\/div>\n\n\n\n<div class=\"wp-block-group has-global-padding is-layout-constrained wp-block-group-is-layout-constrained\"><\/div>\n","protected":false},"excerpt":{"rendered":"<p>\u0130z Plus E\u011fitim Haydi ileti\u015fime ge\u00e7elim! Whether you have questions about our services, need pet care advice, or want to share a photo of your furry friend, our team is here to help. Adres Topa\u00e7 Sokak No:61, Eydibaba, 27500 \u015eehitkamil\/Gaziantep Telefon +90 531 722 14 04 Saatler Pazartesi-Cuma 08:00-18:00 Cumartesi &#8211; Pazar: Kapal\u0131 \u0130leti\u015fim Bir [&hellip;]<\/p>\n","protected":false},"author":1,"featured_media":0,"parent":0,"menu_order":0,"comment_status":"closed","ping_status":"closed","template":"","meta":{"_zb_attr":"","zolo_post_video_link":"","footnotes":""},"class_list":["post-402","page","type-page","status-publish","hentry"],"_links":{"self":[{"href":"https:\/\/www.izplusegitim.com\/index.php?rest_route=\/wp\/v2\/pages\/402","targetHints":{"allow":["GET"]}}],"collection":[{"href":"https:\/\/www.izplusegitim.com\/index.php?rest_route=\/wp\/v2\/pages"}],"about":[{"href":"https:\/\/www.izplusegitim.com\/index.php?rest_route=\/wp\/v2\/types\/page"}],"author":[{"embeddable":true,"href":"https:\/\/www.izplusegitim.com\/index.php?rest_route=\/wp\/v2\/users\/1"}],"replies":[{"embeddable":true,"href":"https:\/\/www.izplusegitim.com\/index.php?rest_route=%2Fwp%2Fv2%2Fcomments&post=402"}],"version-history":[{"count":13,"href":"https:\/\/www.izplusegitim.com\/index.php?rest_route=\/wp\/v2\/pages\/402\/revisions"}],"predecessor-version":[{"id":479,"href":"https:\/\/www.izplusegitim.com\/index.php?rest_route=\/wp\/v2\/pages\/402\/revisions\/479"}],"wp:attachment":[{"href":"https:\/\/www.izplusegitim.com\/index.php?rest_route=%2Fwp%2Fv2%2Fmedia&parent=402"}],"curies":[{"name":"wp","href":"https:\/\/api.w.org\/{rel}","templated":true}]}}