{"id":390,"date":"2025-11-23T18:59:18","date_gmt":"2025-11-23T15:59:18","guid":{"rendered":"https:\/\/www.izplusegitim.com\/?page_id=390"},"modified":"2025-11-23T19:50:21","modified_gmt":"2025-11-23T16:50:21","slug":"390-2","status":"publish","type":"page","link":"https:\/\/www.izplusegitim.com\/?page_id=390","title":{"rendered":"\u0130\u015f Sa\u011fl\u0131\u011f\u0131 ve G\u00fcvenli\u011fi Hizmetleri"},"content":{"rendered":"\n<div class=\"wp-block-group alignfull has-global-padding is-layout-constrained wp-container-core-group-is-layout-11c1ca01 wp-block-group-is-layout-constrained\" style=\"padding-right:var(--wp--preset--spacing--50);padding-left:var(--wp--preset--spacing--50)\">\n<div class=\"wp-block-columns is-layout-flex wp-container-core-columns-is-layout-92d71c5b wp-block-columns-is-layout-flex\" style=\"margin-top:0;margin-bottom:0;padding-top:var(--wp--preset--spacing--70);padding-bottom:var(--wp--preset--spacing--70)\">\n<div class=\"wp-block-column is-layout-flow wp-block-column-is-layout-flow\">\n<div class=\"wp-block-columns is-layout-flex wp-container-core-columns-is-layout-28f84493 wp-block-columns-is-layout-flex\">\n<div class=\"wp-block-column is-layout-flow wp-container-core-column-is-layout-8a368f38 wp-block-column-is-layout-flow\">\n<h2 class=\"wp-block-heading has-contrast-color has-text-color has-link-color has-medium-font-size wp-elements-08f5775f6c5978243bf69b507f46d193\" style=\"font-style:normal;font-weight:500\">\u0130z Plus E\u011fitim<\/h2>\n<\/div>\n<\/div>\n\n\n\n<p class=\"has-accent-4-color has-text-color has-link-color has-medium-font-size wp-elements-c848581864e5547ffb83c5fef86ae93b\" style=\"padding-bottom:var(--wp--preset--spacing--40);line-height:1.6\"><strong>\u0130\u015f Sa\u011fl\u0131\u011f\u0131 ve G\u00fcvenli\u011fi (\u0130SG) Hizmetleri<\/strong>, \u00e7al\u0131\u015fanlar\u0131n bulundu\u011fu i\u015f ortam\u0131nda sa\u011fl\u0131kl\u0131 ve g\u00fcvenli bir \u015fekilde g\u00f6rev yapmalar\u0131n\u0131 sa\u011flamak, i\u015f kazalar\u0131n\u0131 ve meslek hastal\u0131klar\u0131n\u0131 \u00f6nlemek amac\u0131yla y\u00fcr\u00fct\u00fclen t\u00fcm koruyucu, e\u011fitici ve denetleyici faaliyetleri kapsar. \u00dcretim tesisleri, tekstil, g\u0131da, lojistik, in\u015faat, enerji, bak\u0131m-onar\u0131m ve daha bir\u00e7ok sekt\u00f6rde \u0130SG uygulamalar\u0131 hem yasal bir zorunluluk hem de i\u015fletmeler i\u00e7in hayati bir gerekliliktir. Do\u011fru bir \u0130SG sistemi kurulmad\u0131\u011f\u0131nda; i\u015f kazalar\u0131 artar, \u00fcretim durur, personel kay\u0131plar\u0131 ya\u015fan\u0131r ve ciddi yasal yapt\u0131r\u0131mlar g\u00fcndeme gelir.<\/p>\n\n\n\n<p class=\"has-accent-4-color has-text-color has-link-color has-medium-font-size wp-elements-b3d3ec707d961a512797753080820f6f\" style=\"padding-bottom:var(--wp--preset--spacing--40);line-height:1.6\"><strong>\u0130SG Hizmetleri<\/strong>, i\u015f yerinde kar\u015f\u0131la\u015f\u0131labilecek risklerin belirlenmesini, gerekli \u00f6nlemlerin al\u0131nmas\u0131n\u0131, \u00e7al\u0131\u015fanlar\u0131n bilin\u00e7lendirilmesini ve g\u00fcvenli bir \u00e7al\u0131\u015fma k\u00fclt\u00fcr\u00fcn\u00fcn olu\u015fturulmas\u0131n\u0131 sa\u011flayan temel s\u00fcre\u00e7leri kapsar. Bu kapsamda; risk de\u011ferlendirmesi, acil durum planlar\u0131, \u00e7al\u0131\u015fanlara y\u00f6nelik \u0130SG e\u011fitimleri, saha kontrolleri, ekipman denetimleri ve ki\u015fisel koruyucu donan\u0131m kullan\u0131m\u0131 gibi konular ayr\u0131nt\u0131l\u0131 \u015fekilde ele al\u0131n\u0131r. Ayr\u0131ca \u00e7al\u0131\u015fanlar\u0131n i\u015f sa\u011fl\u0131\u011f\u0131 a\u00e7\u0131s\u0131ndan de\u011ferlendirilmesi, i\u015fe giri\u015f\/periodik muayeneler ve i\u015fyeri hekimli\u011fi gibi sa\u011fl\u0131k hizmetleri de s\u00fcrecin \u00f6nemli bir par\u00e7as\u0131d\u0131r.<\/p>\n\n\n\n<p class=\"has-accent-4-color has-text-color has-link-color has-medium-font-size wp-elements-610737bfd97041b3c6e90623bf9be5b6\" style=\"padding-bottom:var(--wp--preset--spacing--40);line-height:1.6\">\u0130SG uygulamalar\u0131; yaln\u0131zca yasal gereklilikleri yerine getirmek i\u00e7in de\u011fil, ayn\u0131 zamanda \u00e7al\u0131\u015fanlar\u0131n motivasyonunu art\u0131rmak, i\u015f s\u00fcreklili\u011fini sa\u011flamak ve i\u015fletmenin i\u015f g\u00fcc\u00fc kayb\u0131n\u0131 azaltmak i\u00e7in kritik bir rol oynar. Etkili bir \u0130SG sistemi, \u00e7al\u0131\u015fanlar\u0131n riskleri do\u011fru alg\u0131lamas\u0131n\u0131, g\u00fcvenlik kurallar\u0131n\u0131 do\u011fru uygulamas\u0131n\u0131 ve \u00e7al\u0131\u015fma alan\u0131nda olas\u0131 tehlikeleri \u00f6nceden fark ederek h\u0131zl\u0131 m\u00fcdahale edebilmesini sa\u011flar. Bu sayede i\u015f kazalar\u0131n\u0131n \u00f6nlenmesi ve daha g\u00fcvenli bir \u00e7al\u0131\u015fma ortam\u0131 olu\u015fturulmas\u0131 m\u00fcmk\u00fcn olur.<\/p>\n\n\n\n<p class=\"has-accent-4-color has-text-color has-link-color has-medium-font-size wp-elements-38c0f0d8356cf00e3fc0a9d17ad7edcc\" style=\"padding-bottom:var(--wp--preset--spacing--40);line-height:1.6\"><\/p>\n\n\n\n<p><\/p>\n\n\n\n<p><\/p>\n<\/div>\n\n\n\n<div class=\"wp-block-column is-vertically-aligned-center is-layout-flow wp-block-column-is-layout-flow\">\n<figure class=\"wp-block-image alignright size-full is-resized has-custom-border\"><img fetchpriority=\"high\" decoding=\"async\" width=\"1024\" height=\"1024\" src=\"http:\/\/www.izplusegitim.com\/wp-content\/uploads\/2025\/11\/Yuksekte-Calisma.png\" alt=\"\" class=\"wp-image-349\" style=\"border-radius:20px;width:631px;height:auto\" srcset=\"https:\/\/www.izplusegitim.com\/wp-content\/uploads\/2025\/11\/Yuksekte-Calisma.png 1024w, https:\/\/www.izplusegitim.com\/wp-content\/uploads\/2025\/11\/Yuksekte-Calisma-300x300.png 300w, https:\/\/www.izplusegitim.com\/wp-content\/uploads\/2025\/11\/Yuksekte-Calisma-150x150.png 150w, https:\/\/www.izplusegitim.com\/wp-content\/uploads\/2025\/11\/Yuksekte-Calisma-768x768.png 768w\" sizes=\"(max-width: 1024px) 100vw, 1024px\" \/><\/figure>\n\n\n\n<div class=\"wp-block-group has-accent-1-background-color has-background is-nowrap is-layout-flex wp-container-core-group-is-layout-e0b099ed wp-block-group-is-layout-flex\" style=\"border-radius:20px;padding-top:var(--wp--preset--spacing--40);padding-right:var(--wp--preset--spacing--40);padding-bottom:var(--wp--preset--spacing--40);padding-left:var(--wp--preset--spacing--40)\">\n<div class=\"wp-block-columns is-layout-flex wp-container-core-columns-is-layout-28f84493 wp-block-columns-is-layout-flex\">\n<div class=\"wp-block-column has-contrast-background-color has-background is-layout-flow wp-block-column-is-layout-flow\" style=\"border-radius:10px;padding-top:var(--wp--preset--spacing--30);padding-right:var(--wp--preset--spacing--30);padding-bottom:var(--wp--preset--spacing--30);padding-left:var(--wp--preset--spacing--30)\">\n<div class=\"wp-block-eryndo-svg-icon aligncenter has-text-align-center eryndo-svg-icon-block has-transparent-background-color has-background is-layout-flow wp-block-eryndo-svg-icon-is-layout-flow\" style=\"border-style:none;border-width:0px;border-radius:0px;margin-top:0;margin-bottom:0;display:inline-block;text-align:center;width:fit-content;margin:0 auto;--icon-color:currentColor;--icon-bg-color:transparent\"><div class=\"svg-icon-container\" style=\"display:inline-flex;align-items:center;justify-content:center;width:48px;height:48px;line-height:0;color:var(--icon-color);background-color:var(--icon-bg-color)\"><img decoding=\"async\" src=\"https:\/\/www.izplusegitim.com\/wp-content\/themes\/eryndo\/assets\/images\/eryndo-icon-9.svg\" alt=\"SVG Icon\" style=\"width:100%;height:100%;object-fit:contain\"\/><\/div><\/div>\n<\/div>\n<\/div>\n\n\n\n<div class=\"wp-block-columns is-layout-flex wp-container-core-columns-is-layout-28f84493 wp-block-columns-is-layout-flex\">\n<div class=\"wp-block-column is-layout-flow wp-container-core-column-is-layout-8a368f38 wp-block-column-is-layout-flow\">\n<h2 class=\"wp-block-heading has-accent-5-color has-text-color has-link-color has-large-font-size wp-elements-e5ac767dd50b294ae40b1aa6649ced8f\" style=\"font-style:normal;font-weight:500\">Profesyonel Uzmanlar\u0131m\u0131z ile Daima Sizinleyiz!<\/h2>\n\n\n\n<p class=\"has-accent-4-color has-text-color has-link-color has-medium-font-size wp-elements-f06b22a7768937532fd19a3a0ac44eef\">+100 E\u011fitim deneyimi ile birlikte.<\/p>\n<\/div>\n<\/div>\n<\/div>\n<\/div>\n<\/div>\n<\/div>\n\n\n\n<div class=\"wp-block-group has-global-padding is-layout-constrained wp-block-group-is-layout-constrained\">\n<div class=\"wp-block-group alignwide is-style-default has-accent-1-gradient-background has-background has-global-padding is-layout-constrained wp-container-core-group-is-layout-ce7006f0 wp-block-group-is-layout-constrained\" style=\"border-radius:20px;margin-top:0;margin-bottom:var(--wp--preset--spacing--80);padding-top:0;padding-right:0;padding-bottom:0;padding-left:0\">\n<div class=\"wp-block-group alignwide has-global-padding is-layout-constrained wp-container-core-group-is-layout-b836f0fe wp-block-group-is-layout-constrained has-background\" style=\"margin-top:var(--wp--preset--spacing--50);margin-bottom:var(--wp--preset--spacing--50);padding-top:var(--wp--preset--spacing--80);padding-right:0;padding-bottom:var(--wp--preset--spacing--80);padding-left:0;background-image:url(&apos;https:\/\/www.izplusegitim.com\/wp-content\/themes\/eryndo\/assets\/images\/eryndo-cta.png&apos;);background-size:cover;\">\n<div class=\"wp-block-group is-vertical is-content-justification-center is-layout-flex wp-container-core-group-is-layout-913ea101 wp-block-group-is-layout-flex\" style=\"padding-right:var(--wp--preset--spacing--70);padding-left:var(--wp--preset--spacing--70)\">\n<div class=\"wp-block-columns is-layout-flex wp-container-core-columns-is-layout-28f84493 wp-block-columns-is-layout-flex\">\n<div class=\"wp-block-column is-layout-flow wp-block-column-is-layout-flow\" style=\"flex-basis:700px\">\n<h2 class=\"wp-block-heading has-text-align-center is-style-text-section-header has-accent-5-color has-text-color has-link-color wp-elements-9f4bd766fbe9c8545cf3c1c971f7fb6f is-style-text-section-header--1\" style=\"font-style:normal;font-weight:500;line-height:1.3\">Daha Detayl\u0131 Bilgi Almak \u0130\u00e7in<\/h2>\n<\/div>\n<\/div>\n\n\n\n<div class=\"wp-block-eryndo-button-widget button-widget-container has-var-preset-color-accent-3-color has-var-preset-color-base-background-color has-text-color has-background\" style=\"padding-top:var(--wp--preset--spacing--20);text-align:center\"><a href=\"https:\/\/www.izplusegitim.com\/?page_id=402\" target=\"_self\" style=\"text-decoration:none\"><div style=\"position:relative;display:inline-flex;align-items:center;gap:15px;background-color:var(--wp--preset--color--base);color:var(--wp--preset--color--accent-3);border-radius:50px;border:none;font-size:16px;font-weight:400;padding:7px 7px 7px 25px;margin:0px 0px 0px 0px;width:fit-content;height:auto;text-align:center;text-decoration:none;cursor:pointer;box-shadow:none;justify-content:flex-start;--button-icon-color:var(--wp--preset--color--base);--button-hover-bg-color:var(--wp--preset--color--base);--button-hover-text-color:;--button-icon-hover-color:var(--wp--preset--color--base);--button-hover-icon-bg-color:var(--wp--preset--color--accent-5)\" class=\"button-widget has-hover-effect has-custom-hover-colors  \"><span style=\"color:var(--wp--preset--color--accent-3);font-size:16px;font-weight:400;flex:1px\">\u0130leti\u015fim<\/span><div style=\"display:inline-flex;align-items:center;justify-content:center;width:38px;height:38px;background-color:var(--wp--preset--color--accent-5);color:var(--wp--preset--color--base);border-radius:50%;font-size:16px;font-weight:bold;box-shadow:none\"><span style=\"display:flex;align-items:center;justify-content:center;width:1em;height:1em;font-size:16px;line-height:1;flex-shrink:0\"><svg width=\"1em\" height=\"1em\" viewBox=\"0 0 24 24\" fill=\"currentColor\" xmlns=\"http:\/\/www.w3.org\/2000\/svg\"><path d=\"M7 17L17 7M17 7H7M17 7V17\" stroke=\"currentColor\" stroke-width=\"2\" stroke-linecap=\"round\" stroke-linejoin=\"round\" fill=\"none\"><\/path><\/svg><\/span><\/div><\/div><\/a><\/div>\n<\/div>\n<\/div>\n<\/div>\n<\/div>\n","protected":false},"excerpt":{"rendered":"<p>\u0130z Plus E\u011fitim \u0130\u015f Sa\u011fl\u0131\u011f\u0131 ve G\u00fcvenli\u011fi (\u0130SG) Hizmetleri, \u00e7al\u0131\u015fanlar\u0131n bulundu\u011fu i\u015f ortam\u0131nda sa\u011fl\u0131kl\u0131 ve g\u00fcvenli bir \u015fekilde g\u00f6rev yapmalar\u0131n\u0131 sa\u011flamak, i\u015f kazalar\u0131n\u0131 ve meslek hastal\u0131klar\u0131n\u0131 \u00f6nlemek amac\u0131yla y\u00fcr\u00fct\u00fclen t\u00fcm koruyucu, e\u011fitici ve denetleyici faaliyetleri kapsar. \u00dcretim tesisleri, tekstil, g\u0131da, lojistik, in\u015faat, enerji, bak\u0131m-onar\u0131m ve daha bir\u00e7ok sekt\u00f6rde \u0130SG uygulamalar\u0131 hem yasal bir zorunluluk hem [&hellip;]<\/p>\n","protected":false},"author":1,"featured_media":0,"parent":0,"menu_order":0,"comment_status":"closed","ping_status":"closed","template":"","meta":{"_zb_attr":"","zolo_post_video_link":"","footnotes":""},"class_list":["post-390","page","type-page","status-publish","hentry"],"_links":{"self":[{"href":"https:\/\/www.izplusegitim.com\/index.php?rest_route=\/wp\/v2\/pages\/390","targetHints":{"allow":["GET"]}}],"collection":[{"href":"https:\/\/www.izplusegitim.com\/index.php?rest_route=\/wp\/v2\/pages"}],"about":[{"href":"https:\/\/www.izplusegitim.com\/index.php?rest_route=\/wp\/v2\/types\/page"}],"author":[{"embeddable":true,"href":"https:\/\/www.izplusegitim.com\/index.php?rest_route=\/wp\/v2\/users\/1"}],"replies":[{"embeddable":true,"href":"https:\/\/www.izplusegitim.com\/index.php?rest_route=%2Fwp%2Fv2%2Fcomments&post=390"}],"version-history":[{"count":4,"href":"https:\/\/www.izplusegitim.com\/index.php?rest_route=\/wp\/v2\/pages\/390\/revisions"}],"predecessor-version":[{"id":438,"href":"https:\/\/www.izplusegitim.com\/index.php?rest_route=\/wp\/v2\/pages\/390\/revisions\/438"}],"wp:attachment":[{"href":"https:\/\/www.izplusegitim.com\/index.php?rest_route=%2Fwp%2Fv2%2Fmedia&parent=390"}],"curies":[{"name":"wp","href":"https:\/\/api.w.org\/{rel}","templated":true}]}}