{"id":386,"date":"2025-11-23T18:56:33","date_gmt":"2025-11-23T15:56:33","guid":{"rendered":"https:\/\/www.izplusegitim.com\/?page_id=386"},"modified":"2025-11-23T19:50:07","modified_gmt":"2025-11-23T16:50:07","slug":"386-2","status":"publish","type":"page","link":"https:\/\/www.izplusegitim.com\/?page_id=386","title":{"rendered":"\u0130lkyard\u0131m E\u011fitimi"},"content":{"rendered":"\n<div class=\"wp-block-group alignfull has-global-padding is-layout-constrained wp-container-core-group-is-layout-11c1ca01 wp-block-group-is-layout-constrained\" style=\"padding-right:var(--wp--preset--spacing--50);padding-left:var(--wp--preset--spacing--50)\">\n<div class=\"wp-block-columns is-layout-flex wp-container-core-columns-is-layout-92d71c5b wp-block-columns-is-layout-flex\" style=\"margin-top:0;margin-bottom:0;padding-top:var(--wp--preset--spacing--70);padding-bottom:var(--wp--preset--spacing--70)\">\n<div class=\"wp-block-column is-layout-flow wp-block-column-is-layout-flow\">\n<div class=\"wp-block-columns is-layout-flex wp-container-core-columns-is-layout-28f84493 wp-block-columns-is-layout-flex\">\n<div class=\"wp-block-column is-layout-flow wp-container-core-column-is-layout-8a368f38 wp-block-column-is-layout-flow\">\n<h2 class=\"wp-block-heading has-contrast-color has-text-color has-link-color has-medium-font-size wp-elements-08f5775f6c5978243bf69b507f46d193\" style=\"font-style:normal;font-weight:500\">\u0130z Plus E\u011fitim<\/h2>\n\n\n\n<h2 class=\"wp-block-heading is-style-text-section-header has-accent-5-color has-text-color has-link-color has-xx-large-font-size wp-elements-4be0c5f8cc9e5eb42262c7aa566bfa31 is-style-text-section-header--1\" style=\"font-style:normal;font-weight:500\">\u0130lkyard\u0131m E\u011fitimi<\/h2>\n<\/div>\n<\/div>\n\n\n\n<p class=\"has-accent-4-color has-text-color has-link-color has-medium-font-size wp-elements-6fc71c8180e8a7a9b68ffc0e16074ab0\" style=\"padding-bottom:var(--wp--preset--spacing--40);line-height:1.6\"><strong>\u0130lkyard\u0131m<\/strong>, herhangi bir kaza, yaralanma veya ani hastal\u0131k durumunda, profesyonel sa\u011fl\u0131k ekipleri olay yerine gelene kadar yap\u0131lan hayat kurtar\u0131c\u0131 m\u00fcdahalelerin t\u00fcm\u00fcd\u00fcr. \u0130\u015f yerlerinde, evde, trafikte ve g\u00fcnl\u00fck ya\u015fam\u0131n her alan\u0131nda acil durumlarla kar\u015f\u0131la\u015fmak m\u00fcmk\u00fcnd\u00fcr. Do\u011fru ve zaman\u0131nda yap\u0131lan bir m\u00fcdahale; kal\u0131c\u0131 sakatl\u0131klar\u0131 \u00f6nleyebilir, ya\u015fam \u015fans\u0131n\u0131 art\u0131rabilir ve olay\u0131n daha kontroll\u00fc ilerlemesini sa\u011flayabilir. Bu nedenle ilk yard\u0131m bilgisi, hem \u00e7al\u0131\u015fanlar hem de bireyler i\u00e7in kritik bir gerekliliktir.<\/p>\n\n\n\n<p class=\"has-accent-4-color has-text-color has-link-color has-medium-font-size wp-elements-c63a84f68c846b2eda45d04376885697\" style=\"padding-bottom:var(--wp--preset--spacing--40);line-height:1.6\"><strong>\u0130lkyard\u0131m E\u011fitimi<\/strong>, kat\u0131l\u0131mc\u0131lar\u0131n acil bir durumda nas\u0131l davranmalar\u0131 gerekti\u011fini bilmelerini, m\u00fcdahale s\u0131ras\u0131ndaki \u00f6ncelikleri do\u011fru belirlemelerini ve temel ya\u015fam deste\u011fi uygulamalar\u0131n\u0131 eksiksiz bir \u015fekilde yapabilmelerini sa\u011flar. E\u011fitimde; kalp masaj\u0131 ve suni solunum gibi uygulamalar, kanamalar, k\u0131r\u0131klar, \u00e7\u0131k\u0131klar, yan\u0131klar, zehirlenmeler, bilin\u00e7 kayb\u0131, solunum t\u0131kanmas\u0131, epilepsi, diyabet gibi kritik durumlar ayr\u0131nt\u0131l\u0131 olarak ele al\u0131n\u0131r. T\u00fcm uygulamalar maketler ve ger\u00e7ek senaryolar \u00fczerinden pratik \u00e7al\u0131\u015fmalarla desteklenir.<\/p>\n\n\n\n<p class=\"has-accent-4-color has-text-color has-link-color has-medium-font-size wp-elements-b2defa29a20de70ed686f38d7c192b3e\" style=\"padding-bottom:var(--wp--preset--spacing--40);line-height:1.6\">\u0130lkyard\u0131m e\u011fitimleri, hem bireysel hem de i\u015f yerleri i\u00e7in zorunlu ve temel nitelikli e\u011fitimlerdir. Bu e\u011fitimler sayesinde kat\u0131l\u0131mc\u0131lar; olay yerinin g\u00fcvenli\u011fini sa\u011flamay\u0131, kazazedeyi de\u011ferlendirmeyi, do\u011fru m\u00fcdahale y\u00f6ntemlerini se\u00e7meyi ve profesyonel ekipler gelinceye kadar durumu en iyi \u015fekilde kontrol alt\u0131nda tutmay\u0131 \u00f6\u011frenirler. B\u00f6ylece hem i\u015f kazalar\u0131 hem de g\u00fcnl\u00fck ya\u015famda kar\u015f\u0131la\u015f\u0131labilecek acil durumlar kar\u015f\u0131s\u0131nda bilin\u00e7li ve etkili hareket edebilirler.<\/p>\n\n\n\n<p class=\"has-accent-4-color has-text-color has-link-color has-medium-font-size wp-elements-38c0f0d8356cf00e3fc0a9d17ad7edcc\" style=\"padding-bottom:var(--wp--preset--spacing--40);line-height:1.6\"><\/p>\n\n\n\n<p><\/p>\n\n\n\n<p><\/p>\n<\/div>\n\n\n\n<div class=\"wp-block-column is-vertically-aligned-center is-layout-flow wp-block-column-is-layout-flow\">\n<figure class=\"wp-block-image alignright size-full is-resized has-custom-border\"><img fetchpriority=\"high\" decoding=\"async\" width=\"1024\" height=\"1024\" src=\"http:\/\/www.izplusegitim.com\/wp-content\/uploads\/2025\/11\/Ilkyardimci-1.png\" alt=\"\" class=\"wp-image-348\" style=\"border-radius:20px;width:631px;height:auto\" srcset=\"https:\/\/www.izplusegitim.com\/wp-content\/uploads\/2025\/11\/Ilkyardimci-1.png 1024w, https:\/\/www.izplusegitim.com\/wp-content\/uploads\/2025\/11\/Ilkyardimci-1-300x300.png 300w, https:\/\/www.izplusegitim.com\/wp-content\/uploads\/2025\/11\/Ilkyardimci-1-150x150.png 150w, https:\/\/www.izplusegitim.com\/wp-content\/uploads\/2025\/11\/Ilkyardimci-1-768x768.png 768w\" sizes=\"(max-width: 1024px) 100vw, 1024px\" \/><\/figure>\n\n\n\n<div class=\"wp-block-group has-accent-1-background-color has-background is-nowrap is-layout-flex wp-container-core-group-is-layout-e0b099ed wp-block-group-is-layout-flex\" style=\"border-radius:20px;padding-top:var(--wp--preset--spacing--40);padding-right:var(--wp--preset--spacing--40);padding-bottom:var(--wp--preset--spacing--40);padding-left:var(--wp--preset--spacing--40)\">\n<div class=\"wp-block-columns is-layout-flex wp-container-core-columns-is-layout-28f84493 wp-block-columns-is-layout-flex\">\n<div class=\"wp-block-column has-contrast-background-color has-background is-layout-flow wp-block-column-is-layout-flow\" style=\"border-radius:10px;padding-top:var(--wp--preset--spacing--30);padding-right:var(--wp--preset--spacing--30);padding-bottom:var(--wp--preset--spacing--30);padding-left:var(--wp--preset--spacing--30)\">\n<div class=\"wp-block-eryndo-svg-icon aligncenter has-text-align-center eryndo-svg-icon-block has-transparent-background-color has-background is-layout-flow wp-block-eryndo-svg-icon-is-layout-flow\" style=\"border-style:none;border-width:0px;border-radius:0px;margin-top:0;margin-bottom:0;display:inline-block;text-align:center;width:fit-content;margin:0 auto;--icon-color:currentColor;--icon-bg-color:transparent\"><div class=\"svg-icon-container\" style=\"display:inline-flex;align-items:center;justify-content:center;width:48px;height:48px;line-height:0;color:var(--icon-color);background-color:var(--icon-bg-color)\"><img decoding=\"async\" src=\"https:\/\/www.izplusegitim.com\/wp-content\/themes\/eryndo\/assets\/images\/eryndo-icon-9.svg\" alt=\"SVG Icon\" style=\"width:100%;height:100%;object-fit:contain\"\/><\/div><\/div>\n<\/div>\n<\/div>\n\n\n\n<div class=\"wp-block-columns is-layout-flex wp-container-core-columns-is-layout-28f84493 wp-block-columns-is-layout-flex\">\n<div class=\"wp-block-column is-layout-flow wp-container-core-column-is-layout-8a368f38 wp-block-column-is-layout-flow\">\n<h2 class=\"wp-block-heading has-accent-5-color has-text-color has-link-color has-large-font-size wp-elements-e5ac767dd50b294ae40b1aa6649ced8f\" style=\"font-style:normal;font-weight:500\">Profesyonel Uzmanlar\u0131m\u0131z ile Daima Sizinleyiz!<\/h2>\n\n\n\n<p class=\"has-accent-4-color has-text-color has-link-color has-medium-font-size wp-elements-f06b22a7768937532fd19a3a0ac44eef\">+100 E\u011fitim deneyimi ile birlikte.<\/p>\n<\/div>\n<\/div>\n<\/div>\n<\/div>\n<\/div>\n<\/div>\n\n\n\n<div class=\"wp-block-group has-global-padding is-layout-constrained wp-block-group-is-layout-constrained\">\n<div class=\"wp-block-group alignwide is-style-default has-accent-1-gradient-background has-background has-global-padding is-layout-constrained wp-container-core-group-is-layout-ce7006f0 wp-block-group-is-layout-constrained\" style=\"border-radius:20px;margin-top:0;margin-bottom:var(--wp--preset--spacing--80);padding-top:0;padding-right:0;padding-bottom:0;padding-left:0\">\n<div class=\"wp-block-group alignwide has-global-padding is-layout-constrained wp-container-core-group-is-layout-b836f0fe wp-block-group-is-layout-constrained has-background\" style=\"margin-top:var(--wp--preset--spacing--50);margin-bottom:var(--wp--preset--spacing--50);padding-top:var(--wp--preset--spacing--80);padding-right:0;padding-bottom:var(--wp--preset--spacing--80);padding-left:0;background-image:url(&apos;https:\/\/www.izplusegitim.com\/wp-content\/themes\/eryndo\/assets\/images\/eryndo-cta.png&apos;);background-size:cover;\">\n<div class=\"wp-block-group is-vertical is-content-justification-center is-layout-flex wp-container-core-group-is-layout-913ea101 wp-block-group-is-layout-flex\" style=\"padding-right:var(--wp--preset--spacing--70);padding-left:var(--wp--preset--spacing--70)\">\n<div class=\"wp-block-columns is-layout-flex wp-container-core-columns-is-layout-28f84493 wp-block-columns-is-layout-flex\">\n<div class=\"wp-block-column is-layout-flow wp-block-column-is-layout-flow\" style=\"flex-basis:700px\">\n<h2 class=\"wp-block-heading has-text-align-center is-style-text-section-header has-accent-5-color has-text-color has-link-color wp-elements-9f4bd766fbe9c8545cf3c1c971f7fb6f is-style-text-section-header--2\" style=\"font-style:normal;font-weight:500;line-height:1.3\">Daha Detayl\u0131 Bilgi Almak \u0130\u00e7in<\/h2>\n<\/div>\n<\/div>\n\n\n\n<div class=\"wp-block-eryndo-button-widget button-widget-container has-var-preset-color-accent-3-color has-var-preset-color-base-background-color has-text-color has-background\" style=\"padding-top:var(--wp--preset--spacing--20);text-align:center\"><a href=\"https:\/\/www.izplusegitim.com\/?page_id=402\" target=\"_self\" style=\"text-decoration:none\"><div style=\"position:relative;display:inline-flex;align-items:center;gap:15px;background-color:var(--wp--preset--color--base);color:var(--wp--preset--color--accent-3);border-radius:50px;border:none;font-size:16px;font-weight:400;padding:7px 7px 7px 25px;margin:0px 0px 0px 0px;width:fit-content;height:auto;text-align:center;text-decoration:none;cursor:pointer;box-shadow:none;justify-content:flex-start;--button-icon-color:var(--wp--preset--color--base);--button-hover-bg-color:var(--wp--preset--color--base);--button-hover-text-color:;--button-icon-hover-color:var(--wp--preset--color--base);--button-hover-icon-bg-color:var(--wp--preset--color--accent-5)\" class=\"button-widget has-hover-effect has-custom-hover-colors  \"><span style=\"color:var(--wp--preset--color--accent-3);font-size:16px;font-weight:400;flex:1px\">\u0130leti\u015fim<\/span><div style=\"display:inline-flex;align-items:center;justify-content:center;width:38px;height:38px;background-color:var(--wp--preset--color--accent-5);color:var(--wp--preset--color--base);border-radius:50%;font-size:16px;font-weight:bold;box-shadow:none\"><span style=\"display:flex;align-items:center;justify-content:center;width:1em;height:1em;font-size:16px;line-height:1;flex-shrink:0\"><svg width=\"1em\" height=\"1em\" viewBox=\"0 0 24 24\" fill=\"currentColor\" xmlns=\"http:\/\/www.w3.org\/2000\/svg\"><path d=\"M7 17L17 7M17 7H7M17 7V17\" stroke=\"currentColor\" stroke-width=\"2\" stroke-linecap=\"round\" stroke-linejoin=\"round\" fill=\"none\"><\/path><\/svg><\/span><\/div><\/div><\/a><\/div>\n<\/div>\n<\/div>\n<\/div>\n<\/div>\n","protected":false},"excerpt":{"rendered":"<p>\u0130z Plus E\u011fitim \u0130lkyard\u0131m E\u011fitimi \u0130lkyard\u0131m, herhangi bir kaza, yaralanma veya ani hastal\u0131k durumunda, profesyonel sa\u011fl\u0131k ekipleri olay yerine gelene kadar yap\u0131lan hayat kurtar\u0131c\u0131 m\u00fcdahalelerin t\u00fcm\u00fcd\u00fcr. \u0130\u015f yerlerinde, evde, trafikte ve g\u00fcnl\u00fck ya\u015fam\u0131n her alan\u0131nda acil durumlarla kar\u015f\u0131la\u015fmak m\u00fcmk\u00fcnd\u00fcr. Do\u011fru ve zaman\u0131nda yap\u0131lan bir m\u00fcdahale; kal\u0131c\u0131 sakatl\u0131klar\u0131 \u00f6nleyebilir, ya\u015fam \u015fans\u0131n\u0131 art\u0131rabilir ve olay\u0131n daha kontroll\u00fc [&hellip;]<\/p>\n","protected":false},"author":1,"featured_media":0,"parent":0,"menu_order":0,"comment_status":"closed","ping_status":"closed","template":"","meta":{"_zb_attr":"","zolo_post_video_link":"","footnotes":""},"class_list":["post-386","page","type-page","status-publish","hentry"],"_links":{"self":[{"href":"https:\/\/www.izplusegitim.com\/index.php?rest_route=\/wp\/v2\/pages\/386","targetHints":{"allow":["GET"]}}],"collection":[{"href":"https:\/\/www.izplusegitim.com\/index.php?rest_route=\/wp\/v2\/pages"}],"about":[{"href":"https:\/\/www.izplusegitim.com\/index.php?rest_route=\/wp\/v2\/types\/page"}],"author":[{"embeddable":true,"href":"https:\/\/www.izplusegitim.com\/index.php?rest_route=\/wp\/v2\/users\/1"}],"replies":[{"embeddable":true,"href":"https:\/\/www.izplusegitim.com\/index.php?rest_route=%2Fwp%2Fv2%2Fcomments&post=386"}],"version-history":[{"count":3,"href":"https:\/\/www.izplusegitim.com\/index.php?rest_route=\/wp\/v2\/pages\/386\/revisions"}],"predecessor-version":[{"id":437,"href":"https:\/\/www.izplusegitim.com\/index.php?rest_route=\/wp\/v2\/pages\/386\/revisions\/437"}],"wp:attachment":[{"href":"https:\/\/www.izplusegitim.com\/index.php?rest_route=%2Fwp%2Fv2%2Fmedia&parent=386"}],"curies":[{"name":"wp","href":"https:\/\/api.w.org\/{rel}","templated":true}]}}