{"id":383,"date":"2025-11-23T18:51:50","date_gmt":"2025-11-23T15:51:50","guid":{"rendered":"https:\/\/www.izplusegitim.com\/?page_id=383"},"modified":"2025-12-04T21:51:53","modified_gmt":"2025-12-04T18:51:53","slug":"383-2","status":"publish","type":"page","link":"https:\/\/www.izplusegitim.com\/?page_id=383","title":{"rendered":"Hijyen E\u011fitimi"},"content":{"rendered":"\n<div class=\"wp-block-group alignfull has-global-padding is-layout-constrained wp-container-core-group-is-layout-11c1ca01 wp-block-group-is-layout-constrained\" style=\"padding-right:var(--wp--preset--spacing--50);padding-left:var(--wp--preset--spacing--50)\">\n<div class=\"wp-block-columns is-layout-flex wp-container-core-columns-is-layout-92d71c5b wp-block-columns-is-layout-flex\" style=\"margin-top:0;margin-bottom:0;padding-top:var(--wp--preset--spacing--70);padding-bottom:var(--wp--preset--spacing--70)\">\n<div class=\"wp-block-column is-layout-flow wp-block-column-is-layout-flow\">\n<div class=\"wp-block-columns is-layout-flex wp-container-core-columns-is-layout-28f84493 wp-block-columns-is-layout-flex\">\n<div class=\"wp-block-column is-layout-flow wp-container-core-column-is-layout-8a368f38 wp-block-column-is-layout-flow\">\n<h2 class=\"wp-block-heading has-contrast-color has-text-color has-link-color has-medium-font-size wp-elements-08f5775f6c5978243bf69b507f46d193\" style=\"font-style:normal;font-weight:500\">\u0130z Plus E\u011fitim<\/h2>\n\n\n\n<h2 class=\"wp-block-heading is-style-text-section-header has-accent-5-color has-text-color has-link-color has-xx-large-font-size wp-elements-1a3efcfe628ae4cfbe6a7a4fbd4cfd28 is-style-text-section-header--1\" style=\"font-style:normal;font-weight:500\">Hijyen E\u011fitmi<\/h2>\n<\/div>\n<\/div>\n\n\n\n<p class=\"has-accent-4-color has-text-color has-link-color has-medium-font-size wp-elements-069e0d3b049297f98314bcc38e0b5b02\" style=\"padding-bottom:var(--wp--preset--spacing--40);line-height:1.6\"><strong>Hijyen E\u011fitimi<\/strong>, \u00e7al\u0131\u015fanlar\u0131n bulundu\u011fu ortamda sa\u011fl\u0131k ve g\u00fcvenli\u011fi korumak i\u00e7in gerekli olan temizlik, sanitasyon ve hijyen uygulamalar\u0131n\u0131n do\u011fru \u015fekilde yap\u0131lmas\u0131n\u0131 ama\u00e7layan bir e\u011fitim program\u0131d\u0131r. G\u0131da \u00fcretimi, g\u0131da sat\u0131\u015f\u0131, restoran ve kafeler, kuaf\u00f6r ve g\u00fczellik salonlar\u0131, sa\u011fl\u0131k kurulu\u015flar\u0131, \u00e7ocuk bak\u0131m alanlar\u0131, temizlik hizmetleri ve buna benzer bir\u00e7ok sekt\u00f6rde hijyen kurallar\u0131 kritik \u00f6neme sahiptir. Uygun hijyen ko\u015fullar\u0131n\u0131n sa\u011flanmamas\u0131; g\u0131da zehirlenmeleri, bula\u015f\u0131c\u0131 hastal\u0131klar\u0131n yay\u0131lmas\u0131, m\u00fc\u015fteri kayb\u0131, \u00fcretim duru\u015flar\u0131 ve ciddi yasal yapt\u0131r\u0131mlara neden olabilir.<\/p>\n\n\n\n<p class=\"has-accent-4-color has-text-color has-link-color has-medium-font-size wp-elements-a1b09d65e69cddc341b5fed6ccdcc599\" style=\"padding-bottom:var(--wp--preset--spacing--40);line-height:1.6\"><strong>Hijyen E\u011fitimi<\/strong>, kat\u0131l\u0131mc\u0131lar\u0131n ki\u015fisel hijyen, i\u015fletme hijyeni, ekipman temizli\u011fi, \u00e7apraz bula\u015fma risklerinin \u00f6nlenmesi ve mevzuata uygun \u00e7al\u0131\u015fma y\u00f6ntemleri konusunda bilgi sahibi olmalar\u0131n\u0131 sa\u011flar. E\u011fitimde; mikroorganizmalar, dezenfeksiyon ve sterilizasyon y\u00f6ntemleri, el hijyeni, \u00e7al\u0131\u015fma alanlar\u0131nda temizlik\u2013dezenfeksiyon uygulamalar\u0131 ve g\u0131da g\u00fcvenli\u011fi prensipleri gibi temel konular i\u015flenir.<\/p>\n\n\n\n<p class=\"has-accent-4-color has-text-color has-link-color has-medium-font-size wp-elements-940845984e6e0e42f2199093614596af\" style=\"padding-bottom:var(--wp--preset--spacing--40);line-height:1.6\">Hijyen e\u011fitimleri; i\u015fletmelerde \u00e7al\u0131\u015fan t\u00fcm personelin, \u00e7al\u0131\u015fma ortam\u0131ndaki sa\u011fl\u0131k risklerini tan\u0131mas\u0131, gerekli \u00f6nlemleri uygulamas\u0131 ve hijyen standartlar\u0131n\u0131 s\u00fcrd\u00fcr\u00fclebilir \u015fekilde korumas\u0131 i\u00e7in d\u00fczenlenen temel nitelikli e\u011fitim programlar\u0131d\u0131r. Kat\u0131l\u0131mc\u0131lar, i\u015fyerinde hijyen risklerini de\u011ferlendirmeyi, bula\u015fmay\u0131 \u00f6nleyen \u00e7al\u0131\u015fma tekniklerini ve kullan\u0131lan temizlik\u2013dezenfeksiyon ekipmanlar\u0131n\u0131n do\u011fru kullan\u0131m\u0131n\u0131 \u00f6\u011frenir.<\/p>\n\n\n\n<p class=\"has-accent-4-color has-text-color has-link-color has-medium-font-size wp-elements-38c0f0d8356cf00e3fc0a9d17ad7edcc\" style=\"padding-bottom:var(--wp--preset--spacing--40);line-height:1.6\"><\/p>\n\n\n\n<p><\/p>\n\n\n\n<p><\/p>\n<\/div>\n\n\n\n<div class=\"wp-block-column is-vertically-aligned-center is-layout-flow wp-block-column-is-layout-flow\">\n<figure class=\"wp-block-image alignright size-full is-resized has-custom-border\"><img fetchpriority=\"high\" decoding=\"async\" width=\"1024\" height=\"1024\" src=\"http:\/\/www.izplusegitim.com\/wp-content\/uploads\/2025\/11\/Hijyen-Egitmicisi.png\" alt=\"\" class=\"wp-image-346\" style=\"border-radius:20px;width:631px;height:auto\" srcset=\"https:\/\/www.izplusegitim.com\/wp-content\/uploads\/2025\/11\/Hijyen-Egitmicisi.png 1024w, https:\/\/www.izplusegitim.com\/wp-content\/uploads\/2025\/11\/Hijyen-Egitmicisi-300x300.png 300w, https:\/\/www.izplusegitim.com\/wp-content\/uploads\/2025\/11\/Hijyen-Egitmicisi-150x150.png 150w, https:\/\/www.izplusegitim.com\/wp-content\/uploads\/2025\/11\/Hijyen-Egitmicisi-768x768.png 768w\" sizes=\"(max-width: 1024px) 100vw, 1024px\" \/><\/figure>\n\n\n\n<div class=\"wp-block-group has-accent-1-background-color has-background is-nowrap is-layout-flex wp-container-core-group-is-layout-e0b099ed wp-block-group-is-layout-flex\" style=\"border-radius:20px;padding-top:var(--wp--preset--spacing--40);padding-right:var(--wp--preset--spacing--40);padding-bottom:var(--wp--preset--spacing--40);padding-left:var(--wp--preset--spacing--40)\">\n<div class=\"wp-block-columns is-layout-flex wp-container-core-columns-is-layout-28f84493 wp-block-columns-is-layout-flex\">\n<div class=\"wp-block-column has-contrast-background-color has-background is-layout-flow wp-block-column-is-layout-flow\" style=\"border-radius:10px;padding-top:var(--wp--preset--spacing--30);padding-right:var(--wp--preset--spacing--30);padding-bottom:var(--wp--preset--spacing--30);padding-left:var(--wp--preset--spacing--30)\">\n<div class=\"wp-block-eryndo-svg-icon aligncenter has-text-align-center eryndo-svg-icon-block has-transparent-background-color has-background is-layout-flow wp-block-eryndo-svg-icon-is-layout-flow\" style=\"border-style:none;border-width:0px;border-radius:0px;margin-top:0;margin-bottom:0;display:inline-block;text-align:center;width:fit-content;margin:0 auto;--icon-color:currentColor;--icon-bg-color:transparent\"><div class=\"svg-icon-container\" style=\"display:inline-flex;align-items:center;justify-content:center;width:48px;height:48px;line-height:0;color:var(--icon-color);background-color:var(--icon-bg-color)\"><img decoding=\"async\" src=\"https:\/\/www.izplusegitim.com\/wp-content\/themes\/eryndo\/assets\/images\/eryndo-icon-9.svg\" alt=\"SVG Icon\" style=\"width:100%;height:100%;object-fit:contain\"\/><\/div><\/div>\n<\/div>\n<\/div>\n\n\n\n<div class=\"wp-block-columns is-layout-flex wp-container-core-columns-is-layout-28f84493 wp-block-columns-is-layout-flex\">\n<div class=\"wp-block-column is-layout-flow wp-container-core-column-is-layout-8a368f38 wp-block-column-is-layout-flow\">\n<h2 class=\"wp-block-heading has-accent-5-color has-text-color has-link-color has-large-font-size wp-elements-e5ac767dd50b294ae40b1aa6649ced8f\" style=\"font-style:normal;font-weight:500\">Profesyonel Uzmanlar\u0131m\u0131z ile Daima Sizinleyiz!<\/h2>\n\n\n\n<p class=\"has-accent-4-color has-text-color has-link-color has-medium-font-size wp-elements-f06b22a7768937532fd19a3a0ac44eef\">+100 E\u011fitim deneyimi ile birlikte.<\/p>\n<\/div>\n<\/div>\n<\/div>\n<\/div>\n<\/div>\n<\/div>\n\n\n\n<div class=\"wp-block-group has-global-padding is-layout-constrained wp-block-group-is-layout-constrained\">\n<div class=\"wp-block-group alignwide is-style-default has-accent-1-gradient-background has-background has-global-padding is-layout-constrained wp-container-core-group-is-layout-ce7006f0 wp-block-group-is-layout-constrained\" style=\"border-radius:20px;margin-top:0;margin-bottom:var(--wp--preset--spacing--80);padding-top:0;padding-right:0;padding-bottom:0;padding-left:0\">\n<div class=\"wp-block-group alignwide has-global-padding is-layout-constrained wp-container-core-group-is-layout-b836f0fe wp-block-group-is-layout-constrained has-background\" style=\"margin-top:var(--wp--preset--spacing--50);margin-bottom:var(--wp--preset--spacing--50);padding-top:var(--wp--preset--spacing--80);padding-right:0;padding-bottom:var(--wp--preset--spacing--80);padding-left:0;background-image:url(&apos;https:\/\/www.izplusegitim.com\/wp-content\/themes\/eryndo\/assets\/images\/eryndo-cta.png&apos;);background-size:cover;\">\n<div class=\"wp-block-group is-vertical is-content-justification-center is-layout-flex wp-container-core-group-is-layout-913ea101 wp-block-group-is-layout-flex\" style=\"padding-right:var(--wp--preset--spacing--70);padding-left:var(--wp--preset--spacing--70)\">\n<div class=\"wp-block-columns is-layout-flex wp-container-core-columns-is-layout-28f84493 wp-block-columns-is-layout-flex\">\n<div class=\"wp-block-column is-layout-flow wp-block-column-is-layout-flow\" style=\"flex-basis:700px\">\n<h2 class=\"wp-block-heading has-text-align-center is-style-text-section-header has-accent-5-color has-text-color has-link-color wp-elements-9f4bd766fbe9c8545cf3c1c971f7fb6f is-style-text-section-header--2\" style=\"font-style:normal;font-weight:500;line-height:1.3\">Daha Detayl\u0131 Bilgi Almak \u0130\u00e7in<\/h2>\n<\/div>\n<\/div>\n\n\n\n<div class=\"wp-block-eryndo-button-widget button-widget-container has-var-preset-color-accent-3-color has-var-preset-color-base-background-color has-text-color has-background\" style=\"padding-top:var(--wp--preset--spacing--20);text-align:center\"><a href=\"https:\/\/www.izplusegitim.com\/?page_id=402\" target=\"_self\" style=\"text-decoration:none\"><div style=\"position:relative;display:inline-flex;align-items:center;gap:15px;background-color:var(--wp--preset--color--base);color:var(--wp--preset--color--accent-3);border-radius:50px;border:none;font-size:16px;font-weight:400;padding:7px 7px 7px 25px;margin:0px 0px 0px 0px;width:fit-content;height:auto;text-align:center;text-decoration:none;cursor:pointer;box-shadow:none;justify-content:flex-start;--button-icon-color:var(--wp--preset--color--base);--button-hover-bg-color:var(--wp--preset--color--base);--button-hover-text-color:;--button-icon-hover-color:var(--wp--preset--color--base);--button-hover-icon-bg-color:var(--wp--preset--color--accent-5)\" class=\"button-widget has-hover-effect has-custom-hover-colors  \"><span style=\"color:var(--wp--preset--color--accent-3);font-size:16px;font-weight:400;flex:1px\">\u0130leti\u015fim<\/span><div style=\"display:inline-flex;align-items:center;justify-content:center;width:38px;height:38px;background-color:var(--wp--preset--color--accent-5);color:var(--wp--preset--color--base);border-radius:50%;font-size:16px;font-weight:bold;box-shadow:none\"><span style=\"display:flex;align-items:center;justify-content:center;width:1em;height:1em;font-size:16px;line-height:1;flex-shrink:0\"><svg width=\"1em\" height=\"1em\" viewBox=\"0 0 24 24\" fill=\"currentColor\" xmlns=\"http:\/\/www.w3.org\/2000\/svg\"><path d=\"M7 17L17 7M17 7H7M17 7V17\" stroke=\"currentColor\" stroke-width=\"2\" stroke-linecap=\"round\" stroke-linejoin=\"round\" fill=\"none\"><\/path><\/svg><\/span><\/div><\/div><\/a><\/div>\n<\/div>\n<\/div>\n<\/div>\n<\/div>\n","protected":false},"excerpt":{"rendered":"<p>\u0130z Plus E\u011fitim Hijyen E\u011fitmi Hijyen E\u011fitimi, \u00e7al\u0131\u015fanlar\u0131n bulundu\u011fu ortamda sa\u011fl\u0131k ve g\u00fcvenli\u011fi korumak i\u00e7in gerekli olan temizlik, sanitasyon ve hijyen uygulamalar\u0131n\u0131n do\u011fru \u015fekilde yap\u0131lmas\u0131n\u0131 ama\u00e7layan bir e\u011fitim program\u0131d\u0131r. G\u0131da \u00fcretimi, g\u0131da sat\u0131\u015f\u0131, restoran ve kafeler, kuaf\u00f6r ve g\u00fczellik salonlar\u0131, sa\u011fl\u0131k kurulu\u015flar\u0131, \u00e7ocuk bak\u0131m alanlar\u0131, temizlik hizmetleri ve buna benzer bir\u00e7ok sekt\u00f6rde hijyen kurallar\u0131 kritik [&hellip;]<\/p>\n","protected":false},"author":1,"featured_media":0,"parent":0,"menu_order":0,"comment_status":"closed","ping_status":"closed","template":"","meta":{"_zb_attr":"","zolo_post_video_link":"","footnotes":""},"class_list":["post-383","page","type-page","status-publish","hentry"],"_links":{"self":[{"href":"https:\/\/www.izplusegitim.com\/index.php?rest_route=\/wp\/v2\/pages\/383","targetHints":{"allow":["GET"]}}],"collection":[{"href":"https:\/\/www.izplusegitim.com\/index.php?rest_route=\/wp\/v2\/pages"}],"about":[{"href":"https:\/\/www.izplusegitim.com\/index.php?rest_route=\/wp\/v2\/types\/page"}],"author":[{"embeddable":true,"href":"https:\/\/www.izplusegitim.com\/index.php?rest_route=\/wp\/v2\/users\/1"}],"replies":[{"embeddable":true,"href":"https:\/\/www.izplusegitim.com\/index.php?rest_route=%2Fwp%2Fv2%2Fcomments&post=383"}],"version-history":[{"count":5,"href":"https:\/\/www.izplusegitim.com\/index.php?rest_route=\/wp\/v2\/pages\/383\/revisions"}],"predecessor-version":[{"id":499,"href":"https:\/\/www.izplusegitim.com\/index.php?rest_route=\/wp\/v2\/pages\/383\/revisions\/499"}],"wp:attachment":[{"href":"https:\/\/www.izplusegitim.com\/index.php?rest_route=%2Fwp%2Fv2%2Fmedia&parent=383"}],"curies":[{"name":"wp","href":"https:\/\/api.w.org\/{rel}","templated":true}]}}