{"id":374,"date":"2025-11-23T18:40:38","date_gmt":"2025-11-23T15:40:38","guid":{"rendered":"https:\/\/www.izplusegitim.com\/?page_id=374"},"modified":"2025-11-23T19:50:53","modified_gmt":"2025-11-23T16:50:53","slug":"yuksekte-calisma-2","status":"publish","type":"page","link":"https:\/\/www.izplusegitim.com\/?page_id=374","title":{"rendered":"Y\u00fcksekte \u00c7al\u0131\u015fma"},"content":{"rendered":"\n<div class=\"wp-block-group alignfull has-global-padding is-layout-constrained wp-container-core-group-is-layout-11c1ca01 wp-block-group-is-layout-constrained\" style=\"padding-right:var(--wp--preset--spacing--50);padding-left:var(--wp--preset--spacing--50)\">\n<div class=\"wp-block-columns is-layout-flex wp-container-core-columns-is-layout-92d71c5b wp-block-columns-is-layout-flex\" style=\"margin-top:0;margin-bottom:0;padding-top:var(--wp--preset--spacing--70);padding-bottom:var(--wp--preset--spacing--70)\">\n<div class=\"wp-block-column is-layout-flow wp-block-column-is-layout-flow\">\n<div class=\"wp-block-columns is-layout-flex wp-container-core-columns-is-layout-28f84493 wp-block-columns-is-layout-flex\">\n<div class=\"wp-block-column is-layout-flow wp-container-core-column-is-layout-8a368f38 wp-block-column-is-layout-flow\">\n<h2 class=\"wp-block-heading has-contrast-color has-text-color has-link-color has-medium-font-size wp-elements-08f5775f6c5978243bf69b507f46d193\" style=\"font-style:normal;font-weight:500\">\u0130z Plus E\u011fitim<\/h2>\n\n\n\n<h2 class=\"wp-block-heading is-style-text-section-header has-accent-5-color has-text-color has-link-color has-xx-large-font-size wp-elements-a2a6a1221429b1559fc2dda17fb85b87 is-style-text-section-header--1\" style=\"font-style:normal;font-weight:500\">Y\u00fcksekte \u00c7al\u0131\u015fma<\/h2>\n<\/div>\n<\/div>\n\n\n\n<p class=\"has-accent-4-color has-text-color has-link-color has-medium-font-size wp-elements-4f90714f305bcac8f3124b4a3cde8f08\" style=\"padding-bottom:var(--wp--preset--spacing--40);line-height:1.6\">Y\u00fcksekte \u00e7al\u0131\u015fma, d\u00fc\u015fme riskinin y\u00fcksek oldu\u011fu bir ortamda yap\u0131lan herhangi bir i\u015ftir. Bu, in\u015faat, bak\u0131m, temizlik, m\u00fchendislik ve tar\u0131m gibi bir\u00e7ok farkl\u0131 end\u00fcstride yayg\u0131n olarak g\u00f6r\u00fclebilir. Y\u00fcksekte \u00e7al\u0131\u015fma, a\u015fa\u011f\u0131dakiler de dahil olmak \u00fczere ciddi yaralanmalara veya \u00f6l\u00fcme neden olabilecek ciddi bir risk olu\u015fturur.<\/p>\n\n\n\n<p class=\"has-accent-4-color has-text-color has-link-color has-medium-font-size wp-elements-aaa319a07622671f9ab5fdda4b4f8ef7\" style=\"padding-bottom:var(--wp--preset--spacing--40);line-height:1.6\">Y\u00fcksekte \u00c7al\u0131\u015fma E\u011fitimi, kat\u0131l\u0131mc\u0131n\u0131n y\u00fcksekte yap\u0131lacak olan \u00e7al\u0131\u015fmalarda al\u0131nmas\u0131 gereken g\u00fcvenlik \u00f6nlemlerinin ne oldu\u011funu belirlemesine yard\u0131mc\u0131 olmay\u0131 ve bu \u00f6nlemlerin nas\u0131l kullan\u0131lmas\u0131 gerekti\u011fi konusunda bilgi sahibi olmas\u0131n\u0131 sa\u011flar.<\/p>\n\n\n\n<p class=\"has-accent-4-color has-text-color has-link-color has-medium-font-size wp-elements-c291aff15e15449afb4ca4ff1b7251ec\" style=\"padding-bottom:var(--wp--preset--spacing--40);line-height:1.6\">Y\u00fcksekte \u00c7al\u0131\u015fma E\u011fitimi; alan\u0131 s\u0131n\u0131rl\u0131 olan yerlerde, y\u00fcksekte \u00e7al\u0131\u015fma i\u015fi yapacak ki\u015filere genel bilgi sa\u011flamak amac\u0131 ile d\u00fczenlenen temel e\u011fitimlerdir. \u00c7al\u0131\u015fma ortam\u0131ndaki y\u00fcksekte \u00e7al\u0131\u015fma riskleri, al\u0131nacak \u00f6nlemler ve kullan\u0131lacak ekipmanlar hakk\u0131nda bilgi verilmektedir.<\/p>\n\n\n\n<p class=\"has-accent-4-color has-text-color has-link-color has-medium-font-size wp-elements-4c8cdb78b943cfb9ade45fc2880a46f3\" style=\"padding-bottom:var(--wp--preset--spacing--40);line-height:1.6\">\u0130z Plus Y\u00fcksekte \u00c7al\u0131\u015fma E\u011fitim Merkezi olarak; Y\u00fcksekte G\u00fcvenli \u00c7al\u0131\u015fma \u0130leri Seviye E\u011fitimleri ile y\u00fcksek riskli \u00e7al\u0131\u015fma ortamlar\u0131nda g\u00f6rev yapan ki\u015filere; y\u00fcksekte \u00e7al\u0131\u015fma risklerinin nas\u0131l alg\u0131lanaca\u011f\u0131, \u00e7al\u0131\u015fma alan\u0131na \u00f6zel \u00e7\u00f6z\u00fcmlerin nas\u0131l \u00fcretilece\u011fi ve&nbsp;<em>y\u00fcksekte \u00e7al\u0131\u015fma<\/em>&nbsp;faaliyetlerinin do\u011fru \u015fekilde nas\u0131l uygulanabilece\u011fi konusunda bilgi verilmektedir.<\/p>\n\n\n\n<p><\/p>\n\n\n\n<p><\/p>\n<\/div>\n\n\n\n<div class=\"wp-block-column is-vertically-aligned-center is-layout-flow wp-block-column-is-layout-flow\">\n<figure class=\"wp-block-image alignright size-full is-resized has-custom-border\"><img fetchpriority=\"high\" decoding=\"async\" width=\"1024\" height=\"1024\" src=\"http:\/\/www.izplusegitim.com\/wp-content\/uploads\/2025\/11\/Yuksekte-Calisma.png\" alt=\"\" class=\"wp-image-349\" style=\"border-radius:20px;width:631px;height:auto\" srcset=\"https:\/\/www.izplusegitim.com\/wp-content\/uploads\/2025\/11\/Yuksekte-Calisma.png 1024w, https:\/\/www.izplusegitim.com\/wp-content\/uploads\/2025\/11\/Yuksekte-Calisma-300x300.png 300w, https:\/\/www.izplusegitim.com\/wp-content\/uploads\/2025\/11\/Yuksekte-Calisma-150x150.png 150w, https:\/\/www.izplusegitim.com\/wp-content\/uploads\/2025\/11\/Yuksekte-Calisma-768x768.png 768w\" sizes=\"(max-width: 1024px) 100vw, 1024px\" \/><\/figure>\n\n\n\n<div class=\"wp-block-group has-accent-1-background-color has-background is-nowrap is-layout-flex wp-container-core-group-is-layout-e0b099ed wp-block-group-is-layout-flex\" style=\"border-radius:20px;padding-top:var(--wp--preset--spacing--40);padding-right:var(--wp--preset--spacing--40);padding-bottom:var(--wp--preset--spacing--40);padding-left:var(--wp--preset--spacing--40)\">\n<div class=\"wp-block-columns is-layout-flex wp-container-core-columns-is-layout-28f84493 wp-block-columns-is-layout-flex\">\n<div class=\"wp-block-column has-contrast-background-color has-background is-layout-flow wp-block-column-is-layout-flow\" style=\"border-radius:10px;padding-top:var(--wp--preset--spacing--30);padding-right:var(--wp--preset--spacing--30);padding-bottom:var(--wp--preset--spacing--30);padding-left:var(--wp--preset--spacing--30)\">\n<div class=\"wp-block-eryndo-svg-icon aligncenter has-text-align-center eryndo-svg-icon-block has-transparent-background-color has-background is-layout-flow wp-block-eryndo-svg-icon-is-layout-flow\" style=\"border-style:none;border-width:0px;border-radius:0px;margin-top:0;margin-bottom:0;display:inline-block;text-align:center;width:fit-content;margin:0 auto;--icon-color:currentColor;--icon-bg-color:transparent\"><div class=\"svg-icon-container\" style=\"display:inline-flex;align-items:center;justify-content:center;width:48px;height:48px;line-height:0;color:var(--icon-color);background-color:var(--icon-bg-color)\"><img decoding=\"async\" src=\"https:\/\/www.izplusegitim.com\/wp-content\/themes\/eryndo\/assets\/images\/eryndo-icon-9.svg\" alt=\"SVG Icon\" style=\"width:100%;height:100%;object-fit:contain\"\/><\/div><\/div>\n<\/div>\n<\/div>\n\n\n\n<div class=\"wp-block-columns is-layout-flex wp-container-core-columns-is-layout-28f84493 wp-block-columns-is-layout-flex\">\n<div class=\"wp-block-column is-layout-flow wp-container-core-column-is-layout-8a368f38 wp-block-column-is-layout-flow\">\n<h2 class=\"wp-block-heading has-accent-5-color has-text-color has-link-color has-large-font-size wp-elements-e5ac767dd50b294ae40b1aa6649ced8f\" style=\"font-style:normal;font-weight:500\">Profesyonel Uzmanlar\u0131m\u0131z ile Daima Sizinleyiz!<\/h2>\n\n\n\n<p class=\"has-accent-4-color has-text-color has-link-color has-medium-font-size wp-elements-f06b22a7768937532fd19a3a0ac44eef\">+100 E\u011fitim deneyimi ile birlikte.<\/p>\n<\/div>\n<\/div>\n<\/div>\n<\/div>\n<\/div>\n<\/div>\n\n\n\n<div class=\"wp-block-group has-global-padding is-layout-constrained wp-block-group-is-layout-constrained\">\n<div class=\"wp-block-group alignwide is-style-default has-accent-1-gradient-background has-background has-global-padding is-layout-constrained wp-container-core-group-is-layout-ce7006f0 wp-block-group-is-layout-constrained\" style=\"border-radius:20px;margin-top:0;margin-bottom:var(--wp--preset--spacing--80);padding-top:0;padding-right:0;padding-bottom:0;padding-left:0\">\n<div class=\"wp-block-group alignwide has-global-padding is-layout-constrained wp-container-core-group-is-layout-b836f0fe wp-block-group-is-layout-constrained has-background\" style=\"margin-top:var(--wp--preset--spacing--50);margin-bottom:var(--wp--preset--spacing--50);padding-top:var(--wp--preset--spacing--80);padding-right:0;padding-bottom:var(--wp--preset--spacing--80);padding-left:0;background-image:url(&apos;https:\/\/www.izplusegitim.com\/wp-content\/themes\/eryndo\/assets\/images\/eryndo-cta.png&apos;);background-size:cover;\">\n<div class=\"wp-block-group is-vertical is-content-justification-center is-layout-flex wp-container-core-group-is-layout-913ea101 wp-block-group-is-layout-flex\" style=\"padding-right:var(--wp--preset--spacing--70);padding-left:var(--wp--preset--spacing--70)\">\n<div class=\"wp-block-columns is-layout-flex wp-container-core-columns-is-layout-28f84493 wp-block-columns-is-layout-flex\">\n<div class=\"wp-block-column is-layout-flow wp-block-column-is-layout-flow\" style=\"flex-basis:700px\">\n<h2 class=\"wp-block-heading has-text-align-center is-style-text-section-header has-accent-5-color has-text-color has-link-color wp-elements-9f4bd766fbe9c8545cf3c1c971f7fb6f is-style-text-section-header--2\" style=\"font-style:normal;font-weight:500;line-height:1.3\">Daha Detayl\u0131 Bilgi Almak \u0130\u00e7in<\/h2>\n<\/div>\n<\/div>\n\n\n\n<div class=\"wp-block-eryndo-button-widget button-widget-container has-var-preset-color-accent-3-color has-var-preset-color-base-background-color has-text-color has-background\" style=\"padding-top:var(--wp--preset--spacing--20);text-align:center\"><a href=\"https:\/\/www.izplusegitim.com\/?page_id=402\" target=\"_self\" style=\"text-decoration:none\"><div style=\"position:relative;display:inline-flex;align-items:center;gap:15px;background-color:var(--wp--preset--color--base);color:var(--wp--preset--color--accent-3);border-radius:50px;border:none;font-size:16px;font-weight:400;padding:7px 7px 7px 25px;margin:0px 0px 0px 0px;width:fit-content;height:auto;text-align:center;text-decoration:none;cursor:pointer;box-shadow:none;justify-content:flex-start;--button-icon-color:var(--wp--preset--color--base);--button-hover-bg-color:var(--wp--preset--color--base);--button-hover-text-color:;--button-icon-hover-color:var(--wp--preset--color--base);--button-hover-icon-bg-color:var(--wp--preset--color--accent-5)\" class=\"button-widget has-hover-effect has-custom-hover-colors  \"><span style=\"color:var(--wp--preset--color--accent-3);font-size:16px;font-weight:400;flex:1px\">\u0130leti\u015fim<\/span><div style=\"display:inline-flex;align-items:center;justify-content:center;width:38px;height:38px;background-color:var(--wp--preset--color--accent-5);color:var(--wp--preset--color--base);border-radius:50%;font-size:16px;font-weight:bold;box-shadow:none\"><span style=\"display:flex;align-items:center;justify-content:center;width:1em;height:1em;font-size:16px;line-height:1;flex-shrink:0\"><svg width=\"1em\" height=\"1em\" viewBox=\"0 0 24 24\" fill=\"currentColor\" xmlns=\"http:\/\/www.w3.org\/2000\/svg\"><path d=\"M7 17L17 7M17 7H7M17 7V17\" stroke=\"currentColor\" stroke-width=\"2\" stroke-linecap=\"round\" stroke-linejoin=\"round\" fill=\"none\"><\/path><\/svg><\/span><\/div><\/div><\/a><\/div>\n<\/div>\n<\/div>\n<\/div>\n<\/div>\n","protected":false},"excerpt":{"rendered":"<p>\u0130z Plus E\u011fitim Y\u00fcksekte \u00c7al\u0131\u015fma Y\u00fcksekte \u00e7al\u0131\u015fma, d\u00fc\u015fme riskinin y\u00fcksek oldu\u011fu bir ortamda yap\u0131lan herhangi bir i\u015ftir. Bu, in\u015faat, bak\u0131m, temizlik, m\u00fchendislik ve tar\u0131m gibi bir\u00e7ok farkl\u0131 end\u00fcstride yayg\u0131n olarak g\u00f6r\u00fclebilir. Y\u00fcksekte \u00e7al\u0131\u015fma, a\u015fa\u011f\u0131dakiler de dahil olmak \u00fczere ciddi yaralanmalara veya \u00f6l\u00fcme neden olabilecek ciddi bir risk olu\u015fturur. Y\u00fcksekte \u00c7al\u0131\u015fma E\u011fitimi, kat\u0131l\u0131mc\u0131n\u0131n y\u00fcksekte yap\u0131lacak olan [&hellip;]<\/p>\n","protected":false},"author":1,"featured_media":0,"parent":0,"menu_order":0,"comment_status":"closed","ping_status":"closed","template":"","meta":{"_zb_attr":"","zolo_post_video_link":"","footnotes":""},"class_list":["post-374","page","type-page","status-publish","hentry"],"_links":{"self":[{"href":"https:\/\/www.izplusegitim.com\/index.php?rest_route=\/wp\/v2\/pages\/374","targetHints":{"allow":["GET"]}}],"collection":[{"href":"https:\/\/www.izplusegitim.com\/index.php?rest_route=\/wp\/v2\/pages"}],"about":[{"href":"https:\/\/www.izplusegitim.com\/index.php?rest_route=\/wp\/v2\/types\/page"}],"author":[{"embeddable":true,"href":"https:\/\/www.izplusegitim.com\/index.php?rest_route=\/wp\/v2\/users\/1"}],"replies":[{"embeddable":true,"href":"https:\/\/www.izplusegitim.com\/index.php?rest_route=%2Fwp%2Fv2%2Fcomments&post=374"}],"version-history":[{"count":8,"href":"https:\/\/www.izplusegitim.com\/index.php?rest_route=\/wp\/v2\/pages\/374\/revisions"}],"predecessor-version":[{"id":440,"href":"https:\/\/www.izplusegitim.com\/index.php?rest_route=\/wp\/v2\/pages\/374\/revisions\/440"}],"wp:attachment":[{"href":"https:\/\/www.izplusegitim.com\/index.php?rest_route=%2Fwp%2Fv2%2Fmedia&parent=374"}],"curies":[{"name":"wp","href":"https:\/\/api.w.org\/{rel}","templated":true}]}}